{"id":904,"date":"2026-01-23T18:45:02","date_gmt":"2026-01-23T17:45:02","guid":{"rendered":"https:\/\/missionssolidariteliban.com\/?page_id=904"},"modified":"2026-01-28T10:48:38","modified_gmt":"2026-01-28T09:48:38","slug":"messe-a-sainte-jeanne-darc-de-versailles-mercredi-28-janvier-a-17h","status":"publish","type":"page","link":"https:\/\/missionssolidariteliban.com\/index.php\/messe-a-sainte-jeanne-darc-de-versailles-mercredi-28-janvier-a-17h\/","title":{"rendered":"Messe \u00e0 Sainte Jeanne d&rsquo;Arc de Versailles mercredi 28 janvier 2026 \u00e0 19h"},"content":{"rendered":"<ul>\n<li style=\"text-align: center;\">\n<h2><span style=\"color: #3366ff;\">\u00a0Mercredi 28 janvier\u00a0 2026\u00a0 :<\/span><\/h2>\n<\/li>\n<li style=\"text-align: center;\">\n<h2><span style=\"color: #3366ff;\">Messe \u00e0 Sainte Jeanne d&rsquo;Arc de Versailles\u00a0 \u00e0 19h<\/span><\/h2>\n<\/li>\n<\/ul>\n<h3><span style=\"color: #339966;\"><em>Suivie du t\u00e9moignage de madame Ella BITAR , pr\u00e9sidente de Saint Vincent de Paul au Liban<\/em><\/span><\/h3>\n","protected":false},"excerpt":{"rendered":"<p>\u00a0Mercredi 28 janvier\u00a0 2026\u00a0 : Messe \u00e0 Sainte Jeanne d&rsquo;Arc de Versailles\u00a0 \u00e0 19h Suivie du t\u00e9moignage de madame Ella BITAR , pr\u00e9sidente de Saint Vincent de Paul au Liban<\/p>\n","protected":false},"author":1,"featured_media":0,"parent":0,"menu_order":0,"comment_status":"closed","ping_status":"closed","template":"","meta":[],"_links":{"self":[{"href":"https:\/\/missionssolidariteliban.com\/index.php\/wp-json\/wp\/v2\/pages\/904"}],"collection":[{"href":"https:\/\/missionssolidariteliban.com\/index.php\/wp-json\/wp\/v2\/pages"}],"about":[{"href":"https:\/\/missionssolidariteliban.com\/index.php\/wp-json\/wp\/v2\/types\/page"}],"author":[{"embeddable":true,"href":"https:\/\/missionssolidariteliban.com\/index.php\/wp-json\/wp\/v2\/users\/1"}],"replies":[{"embeddable":true,"href":"https:\/\/missionssolidariteliban.com\/index.php\/wp-json\/wp\/v2\/comments?post=904"}],"version-history":[{"count":9,"href":"https:\/\/missionssolidariteliban.com\/index.php\/wp-json\/wp\/v2\/pages\/904\/revisions"}],"predecessor-version":[{"id":917,"href":"https:\/\/missionssolidariteliban.com\/index.php\/wp-json\/wp\/v2\/pages\/904\/revisions\/917"}],"wp:attachment":[{"href":"https:\/\/missionssolidariteliban.com\/index.php\/wp-json\/wp\/v2\/media?parent=904"}],"curies":[{"name":"wp","href":"https:\/\/api.w.org\/{rel}","templated":true}]}}