{"id":9,"date":"2016-01-21T12:25:10","date_gmt":"2016-01-21T11:25:10","guid":{"rendered":"http:\/\/missionssolidariteliban.com\/?page_id=9"},"modified":"2022-02-04T21:05:05","modified_gmt":"2022-02-04T20:05:05","slug":"nos-actions","status":"publish","type":"page","link":"https:\/\/missionssolidariteliban.com\/index.php\/nos-actions\/","title":{"rendered":"Nos actions"},"content":{"rendered":"<p><img decoding=\"async\" loading=\"lazy\" class=\"alignnone wp-image-86\" src=\"http:\/\/missionssolidariteliban.com\/wp-content\/uploads\/2016\/02\/logo-MSL-184x300.png\" alt=\"logo MSL\" width=\"90\" height=\"147\" srcset=\"https:\/\/missionssolidariteliban.com\/wp-content\/uploads\/2016\/02\/logo-MSL-184x300.png 184w, https:\/\/missionssolidariteliban.com\/wp-content\/uploads\/2016\/02\/logo-MSL-768x1253.png 768w, https:\/\/missionssolidariteliban.com\/wp-content\/uploads\/2016\/02\/logo-MSL-627x1024.png 627w, https:\/\/missionssolidariteliban.com\/wp-content\/uploads\/2016\/02\/logo-MSL.png 1000w\" sizes=\"(max-width: 90px) 85vw, 90px\" \/><\/p>\n<h5><em><span style=\"color: #339966;\">Parrainages de famille\u00a0\u00a0\u00a0\u00a0\u00a0\u00a0\u00a0\u00a0\u00a0\u00a0\u00a0\u00a0\u00a0\u00a0\u00a0\u00a0\u00a0\u00a0\u00a0\u00a0\u00a0\u00a0\u00a0\u00a0\u00a0\u00a0\u00a0\u00a0\u00a0\u00a0\u00a0\u00a0\u00a0\u00a0\u00a0\u00a0\u00a0\u00a0\u00a0\u00a0\u00a0\u00a0\u00a0\u00a0\u00a0\u00a0\u00a0\u00a0\u00a0\u00a0\u00a0\u00a0\u00a0\u00a0\u00a0\u00a0\u00a0\u00a0\u00a0\u00a0\u00a0\u00a0\u00a0\u00a0\u00a0\u00a0\u00a0\u00a0\u00a0\u00a0\u00a0\u00a0\u00a0\u00a0\u00a0\u00a0\u00a0\u00a0\u00a0\u00a0\u00a0\u00a0\u00a0\u00a0\u00a0\u00a0 Parrainages scolaires<\/span><\/em><\/h5>\n<h5 style=\"text-align: left;\"><em><span style=\"color: #339966;\">Jumelages d&rsquo;\u00e9coles\u00a0\u00a0\u00a0\u00a0\u00a0\u00a0\u00a0\u00a0\u00a0\u00a0\u00a0\u00a0\u00a0\u00a0\u00a0\u00a0\u00a0\u00a0\u00a0\u00a0\u00a0\u00a0\u00a0\u00a0\u00a0\u00a0\u00a0\u00a0\u00a0\u00a0\u00a0\u00a0\u00a0\u00a0\u00a0\u00a0\u00a0\u00a0\u00a0\u00a0\u00a0\u00a0\u00a0\u00a0\u00a0\u00a0\u00a0\u00a0\u00a0\u00a0\u00a0\u00a0\u00a0\u00a0\u00a0\u00a0\u00a0\u00a0\u00a0\u00a0\u00a0\u00a0\u00a0\u00a0\u00a0\u00a0\u00a0\u00a0\u00a0\u00a0\u00a0\u00a0\u00a0\u00a0\u00a0\u00a0\u00a0\u00a0\u00a0\u00a0\u00a0\u00a0\u00a0\u00a0\u00a0\u00a0\u00a0\u00a0\u00a0\u00a0\u00a0\u00a0\u00a0\u00a0 Jumelages de paroisses<br \/>\n<\/span><\/em><\/h5>\n<h5 style=\"text-align: left;\"><em><span style=\"color: #339966;\">Micro-projets\u00a0\u00a0\u00a0\u00a0\u00a0\u00a0\u00a0\u00a0\u00a0\u00a0\u00a0\u00a0\u00a0\u00a0\u00a0\u00a0\u00a0\u00a0\u00a0\u00a0\u00a0\u00a0\u00a0\u00a0\u00a0\u00a0\u00a0\u00a0\u00a0\u00a0\u00a0\u00a0\u00a0\u00a0\u00a0\u00a0\u00a0\u00a0\u00a0\u00a0\u00a0\u00a0\u00a0\u00a0\u00a0\u00a0\u00a0\u00a0\u00a0\u00a0\u00a0\u00a0\u00a0\u00a0\u00a0\u00a0\u00a0\u00a0\u00a0\u00a0\u00a0\u00a0\u00a0\u00a0\u00a0\u00a0\u00a0\u00a0\u00a0\u00a0\u00a0\u00a0\u00a0\u00a0\u00a0\u00a0\u00a0\u00a0\u00a0\u00a0\u00a0\u00a0\u00a0\u00a0\u00a0\u00a0\u00a0\u00a0\u00a0\u00a0\u00a0\u00a0\u00a0\u00a0\u00a0\u00a0\u00a0\u00a0\u00a0\u00a0\u00a0\u00a0\u00a0\u00a0 Dons d&rsquo;urgence<\/span><\/em><\/h5>\n<h3><\/h3>\n<p><span style=\"text-decoration: underline; color: #339966;\"><strong>Parrainages de familles <\/strong><\/span>: soutien financier pour permettre aux familles d&rsquo;assurer un minimum vital ; achat de nourriture, de m\u00e9dicaments , r\u00e8glement d&rsquo;op\u00e9rations, r\u00e9parations de logements &#8230;<\/p>\n<p><img decoding=\"async\" loading=\"lazy\" class=\"alignnone wp-image-274\" src=\"http:\/\/missionssolidariteliban.com\/wp-content\/uploads\/2017\/11\/Parrainage-dune-famille-du-Sud-Liban-\u00e0-Ain-Ebel.png\" alt=\"\" width=\"287\" height=\"216\" srcset=\"https:\/\/missionssolidariteliban.com\/wp-content\/uploads\/2017\/11\/Parrainage-dune-famille-du-Sud-Liban-\u00e0-Ain-Ebel.png 1280w, https:\/\/missionssolidariteliban.com\/wp-content\/uploads\/2017\/11\/Parrainage-dune-famille-du-Sud-Liban-\u00e0-Ain-Ebel-300x225.png 300w, https:\/\/missionssolidariteliban.com\/wp-content\/uploads\/2017\/11\/Parrainage-dune-famille-du-Sud-Liban-\u00e0-Ain-Ebel-768x576.png 768w, https:\/\/missionssolidariteliban.com\/wp-content\/uploads\/2017\/11\/Parrainage-dune-famille-du-Sud-Liban-\u00e0-Ain-Ebel-1024x768.png 1024w, https:\/\/missionssolidariteliban.com\/wp-content\/uploads\/2017\/11\/Parrainage-dune-famille-du-Sud-Liban-\u00e0-Ain-Ebel-1200x900.png 1200w\" sizes=\"(max-width: 287px) 85vw, 287px\" \/>Famille parrain\u00e9e du Sud Liban<\/p>\n<p><span style=\"text-decoration: underline; color: #339966;\"><strong>Parrainages scolaires<\/strong><\/span> : permettre aux enfants de poursuivre leurs \u00e9tudes.<\/p>\n<p style=\"text-align: center;\">Petite \u00e9cole de Klaya parrain\u00e9e au Sud Liban<\/p>\n<p><img decoding=\"async\" loading=\"lazy\" class=\"alignnone size-medium wp-image-184\" src=\"http:\/\/missionssolidariteliban.com\/wp-content\/uploads\/2016\/11\/parrainage-\u00e9cole-de-Klaya-au-Sud-Liban-300x224.png\" alt=\"parrainage-ecole-de-klaya-au-sud-liban\" width=\"300\" height=\"224\" srcset=\"https:\/\/missionssolidariteliban.com\/wp-content\/uploads\/2016\/11\/parrainage-\u00e9cole-de-Klaya-au-Sud-Liban-300x224.png 300w, https:\/\/missionssolidariteliban.com\/wp-content\/uploads\/2016\/11\/parrainage-\u00e9cole-de-Klaya-au-Sud-Liban.png 640w\" sizes=\"(max-width: 300px) 85vw, 300px\" \/><img decoding=\"async\" loading=\"lazy\" class=\"size-medium wp-image-183 alignright\" src=\"http:\/\/missionssolidariteliban.com\/wp-content\/uploads\/2016\/11\/sans-titre-300x224.png\" alt=\"petite \u00e9cole de Klaya\" width=\"300\" height=\"224\" srcset=\"https:\/\/missionssolidariteliban.com\/wp-content\/uploads\/2016\/11\/sans-titre-300x224.png 300w, https:\/\/missionssolidariteliban.com\/wp-content\/uploads\/2016\/11\/sans-titre.png 640w\" sizes=\"(max-width: 300px) 85vw, 300px\" \/><\/p>\n<p><span style=\"text-decoration: underline; color: #339966;\"><strong>Jumelages d&rsquo;\u00e9coles<\/strong> <\/span>: mettre en lien des \u00e9coles fran\u00e7aises avec des \u00e9coles libanaises, pour des \u00e9changes de courrier entre les enfants et participer aux financements de scolarit\u00e9s , ou diff\u00e9rents besoins des \u00e9coles.<\/p>\n<p><img decoding=\"async\" loading=\"lazy\" class=\"alignnone size-medium wp-image-54\" src=\"http:\/\/missionssolidariteliban.com\/wp-content\/uploads\/2016\/01\/Jumelage-\u00e9cole-DEBEL-300x225.png\" alt=\"Jumelage \u00e9cole DEBEL\" width=\"300\" height=\"225\" srcset=\"https:\/\/missionssolidariteliban.com\/wp-content\/uploads\/2016\/01\/Jumelage-\u00e9cole-DEBEL-300x225.png 300w, https:\/\/missionssolidariteliban.com\/wp-content\/uploads\/2016\/01\/Jumelage-\u00e9cole-DEBEL.png 320w\" sizes=\"(max-width: 300px) 85vw, 300px\" \/>\u00a0\u00a0\u00a0\u00a0\u00a0 Jumelage avec l&rsquo;\u00e9cole de DEBEL<\/p>\n<p><span style=\"text-decoration: underline; color: #339966;\"><strong>Jumelages de paroisses<\/strong><\/span>: Depuis 2010\u00a0 jumelage du dioc\u00e8se de Tyr avec la paroisse Sainte Jeanne d&rsquo;Arc de Versailles ; partage spirituel et solidaire. D&rsquo;autres sont en cours&#8230;<\/p>\n<p><img decoding=\"async\" loading=\"lazy\" class=\"alignnone size-medium wp-image-55\" src=\"http:\/\/missionssolidariteliban.com\/wp-content\/uploads\/2016\/01\/Mgr-HAGE-et-P\u00e8re-PETEUL-300x225.png\" alt=\"Mgr HAGE et P\u00e8re PETEUL\" width=\"300\" height=\"225\" srcset=\"https:\/\/missionssolidariteliban.com\/wp-content\/uploads\/2016\/01\/Mgr-HAGE-et-P\u00e8re-PETEUL-300x225.png 300w, https:\/\/missionssolidariteliban.com\/wp-content\/uploads\/2016\/01\/Mgr-HAGE-et-P\u00e8re-PETEUL.png 320w\" sizes=\"(max-width: 300px) 85vw, 300px\" \/><\/p>\n<p>Monseigneur HAGE , Archev\u00eaque de Tyr, avec le p\u00e8re PETEUL , cur\u00e9 de Sainte Jeanne d&rsquo;Arc de Versailles<\/p>\n<p><img decoding=\"async\" loading=\"lazy\" class=\"alignnone size-medium wp-image-56\" src=\"http:\/\/missionssolidariteliban.com\/wp-content\/uploads\/2016\/01\/Patriarche-Mgr-RAI-P\u00e8re-PETEUL-et-Caroline-de-Raimond-300x225.png\" alt=\"Patriarche Mgr RAI P\u00e8re PETEUL et Caroline de Raimond\" width=\"300\" height=\"225\" srcset=\"https:\/\/missionssolidariteliban.com\/wp-content\/uploads\/2016\/01\/Patriarche-Mgr-RAI-P\u00e8re-PETEUL-et-Caroline-de-Raimond-300x225.png 300w, https:\/\/missionssolidariteliban.com\/wp-content\/uploads\/2016\/01\/Patriarche-Mgr-RAI-P\u00e8re-PETEUL-et-Caroline-de-Raimond.png 320w\" sizes=\"(max-width: 300px) 85vw, 300px\" \/><\/p>\n<p>Le Patriarche , Cardinal BECHARA RAI \u00e0 Bkerk\u00e9, avec le P. PETEUL et Caroline de RAIMOND , pr\u00e9sidente de M.S.L.<\/p>\n<p><span style=\"text-decoration: underline; color: #339966;\"><strong>Micro-projets<\/strong>:<\/span><\/p>\n<p><span style=\"color: #3366ff;\"><strong>&#8211; Vente aux paroissiens de Sainte Jeanne d&rsquo;Arc de Versailles et de Montesson de 12000 bouteilles d&rsquo;huile d&rsquo;olive depuis 6 ans<\/strong><\/span> (1 500 la premi\u00e8re ann\u00e9e) en appui aux ol\u00e9iculteurs de Bisri , puis de Jezzine au Sud Liban.<\/p>\n<p><strong><span style=\"color: #3366ff;\">&#8211; Actions financ\u00e9es par la paroisse de Montesson pour le village de Chahtoul:<\/span><\/strong><\/p>\n<ul>\n<li>Lancement de la culture du Zaatar, au Sud Liban , village d&rsquo;El Qaouzah et achats de plants pour la culture du Safran .<\/li>\n<li>Projet apicole : passage de 10 ruches install\u00e9es \u00e0 60 ruches.<\/li>\n<li>Elevage de poules pondeuses et de lapins<\/li>\n<\/ul>\n","protected":false},"excerpt":{"rendered":"<p>Parrainages de famille\u00a0\u00a0\u00a0\u00a0\u00a0\u00a0\u00a0\u00a0\u00a0\u00a0\u00a0\u00a0\u00a0\u00a0\u00a0\u00a0\u00a0\u00a0\u00a0\u00a0\u00a0\u00a0\u00a0\u00a0\u00a0\u00a0\u00a0\u00a0\u00a0\u00a0\u00a0\u00a0\u00a0\u00a0\u00a0\u00a0\u00a0\u00a0\u00a0\u00a0\u00a0\u00a0\u00a0\u00a0\u00a0\u00a0\u00a0\u00a0\u00a0\u00a0\u00a0\u00a0\u00a0\u00a0\u00a0\u00a0\u00a0\u00a0\u00a0\u00a0\u00a0\u00a0\u00a0\u00a0\u00a0\u00a0\u00a0\u00a0\u00a0\u00a0\u00a0\u00a0\u00a0\u00a0\u00a0\u00a0\u00a0\u00a0\u00a0\u00a0\u00a0\u00a0\u00a0\u00a0\u00a0\u00a0 Parrainages scolaires Jumelages d&rsquo;\u00e9coles\u00a0\u00a0\u00a0\u00a0\u00a0\u00a0\u00a0\u00a0\u00a0\u00a0\u00a0\u00a0\u00a0\u00a0\u00a0\u00a0\u00a0\u00a0\u00a0\u00a0\u00a0\u00a0\u00a0\u00a0\u00a0\u00a0\u00a0\u00a0\u00a0\u00a0\u00a0\u00a0\u00a0\u00a0\u00a0\u00a0\u00a0\u00a0\u00a0\u00a0\u00a0\u00a0\u00a0\u00a0\u00a0\u00a0\u00a0\u00a0\u00a0\u00a0\u00a0\u00a0\u00a0\u00a0\u00a0\u00a0\u00a0\u00a0\u00a0\u00a0\u00a0\u00a0\u00a0\u00a0\u00a0\u00a0\u00a0\u00a0\u00a0\u00a0\u00a0\u00a0\u00a0\u00a0\u00a0\u00a0\u00a0\u00a0\u00a0\u00a0\u00a0\u00a0\u00a0\u00a0\u00a0\u00a0\u00a0\u00a0\u00a0\u00a0\u00a0\u00a0\u00a0\u00a0 Jumelages de paroisses Micro-projets\u00a0\u00a0\u00a0\u00a0\u00a0\u00a0\u00a0\u00a0\u00a0\u00a0\u00a0\u00a0\u00a0\u00a0\u00a0\u00a0\u00a0\u00a0\u00a0\u00a0\u00a0\u00a0\u00a0\u00a0\u00a0\u00a0\u00a0\u00a0\u00a0\u00a0\u00a0\u00a0\u00a0\u00a0\u00a0\u00a0\u00a0\u00a0\u00a0\u00a0\u00a0\u00a0\u00a0\u00a0\u00a0\u00a0\u00a0\u00a0\u00a0\u00a0\u00a0\u00a0\u00a0\u00a0\u00a0\u00a0\u00a0\u00a0\u00a0\u00a0\u00a0\u00a0\u00a0\u00a0\u00a0\u00a0\u00a0\u00a0\u00a0\u00a0\u00a0\u00a0\u00a0\u00a0\u00a0\u00a0\u00a0\u00a0\u00a0\u00a0\u00a0\u00a0\u00a0\u00a0\u00a0\u00a0\u00a0\u00a0\u00a0\u00a0\u00a0\u00a0\u00a0\u00a0\u00a0\u00a0\u00a0\u00a0\u00a0\u00a0\u00a0\u00a0\u00a0\u00a0 Dons d&rsquo;urgence Parrainages de familles : soutien financier pour permettre aux familles d&rsquo;assurer un minimum vital ; achat de nourriture, de m\u00e9dicaments , r\u00e8glement d&rsquo;op\u00e9rations, r\u00e9parations de logements &#8230; Famille parrain\u00e9e du Sud Liban Parrainages scolaires : permettre aux enfants de poursuivre leurs \u00e9tudes. &hellip; <a href=\"https:\/\/missionssolidariteliban.com\/index.php\/nos-actions\/\" class=\"more-link\">Continuer la lecture<span class=\"screen-reader-text\"> de &laquo;&nbsp;Nos actions&nbsp;&raquo;<\/span><\/a><\/p>\n","protected":false},"author":1,"featured_media":0,"parent":0,"menu_order":0,"comment_status":"closed","ping_status":"closed","template":"","meta":[],"_links":{"self":[{"href":"https:\/\/missionssolidariteliban.com\/index.php\/wp-json\/wp\/v2\/pages\/9"}],"collection":[{"href":"https:\/\/missionssolidariteliban.com\/index.php\/wp-json\/wp\/v2\/pages"}],"about":[{"href":"https:\/\/missionssolidariteliban.com\/index.php\/wp-json\/wp\/v2\/types\/page"}],"author":[{"embeddable":true,"href":"https:\/\/missionssolidariteliban.com\/index.php\/wp-json\/wp\/v2\/users\/1"}],"replies":[{"embeddable":true,"href":"https:\/\/missionssolidariteliban.com\/index.php\/wp-json\/wp\/v2\/comments?post=9"}],"version-history":[{"count":85,"href":"https:\/\/missionssolidariteliban.com\/index.php\/wp-json\/wp\/v2\/pages\/9\/revisions"}],"predecessor-version":[{"id":547,"href":"https:\/\/missionssolidariteliban.com\/index.php\/wp-json\/wp\/v2\/pages\/9\/revisions\/547"}],"wp:attachment":[{"href":"https:\/\/missionssolidariteliban.com\/index.php\/wp-json\/wp\/v2\/media?parent=9"}],"curies":[{"name":"wp","href":"https:\/\/api.w.org\/{rel}","templated":true}]}}