{"id":898,"date":"2026-01-23T18:26:08","date_gmt":"2026-01-23T17:26:08","guid":{"rendered":"https:\/\/missionssolidariteliban.com\/?page_id=898"},"modified":"2026-03-13T16:48:43","modified_gmt":"2026-03-13T15:48:43","slug":"2026-2","status":"publish","type":"page","link":"https:\/\/missionssolidariteliban.com\/index.php\/2026-2\/","title":{"rendered":"2026"},"content":{"rendered":"<h2 style=\"text-align: center;\"><span style=\"color: #ff0000;\">MARS 2026<\/span><\/h2>\n<h4 style=\"text-align: center;\"><strong><span style=\"color: #ff0000;\">AIDE URGENTE pour les chr\u00e9tiens d\u00e9plac\u00e9s du Sud Liban<\/span><\/strong><\/h4>\n<p style=\"text-align: center;\"><span style=\"color: #ff0000;\">Voir le document de l&rsquo;ILDES et la lettre du p\u00e8re Kambar ci-dessous<\/span><\/p>\n<p><a href=\"http:\/\/missionssolidariteliban.com\/wp-content\/uploads\/2026\/03\/Ildes-2.aide-pour-les-deplaces-du-Liban-Sud-2026.docx\"><span style=\"color: #ff0000;\">Ildes 2.aide pour les de\u0301place\u0301s du Liban Sud 2026<\/span><\/a><\/p>\n<p><span style=\"color: #ff0000;\"><a style=\"color: #ff0000;\" href=\"http:\/\/missionssolidariteliban.com\/wp-content\/uploads\/2026\/03\/Lettre-du-P-Kambar.rtf\">Lettre du P Kambar<\/a><\/span><\/p>\n<h2><\/h2>\n<h2 style=\"text-align: center;\"><strong><span style=\"color: #3366ff;\">MERCREDI 28 JANVIER\u00a0<\/span><\/strong><\/h2>\n<h2 style=\"text-align: center;\"><strong><span style=\"color: #3366ff;\">Messe \u00e0 19H \u00e0 Sainte Jeanne d&rsquo;Arc de VERSAILLES<\/span><\/strong><\/h2>\n<h3><em><strong><span style=\"color: #339966;\">Suivie du t\u00e9moignage de madame Ella BITAR , pr\u00e9sidente de Saint Vincent de Paul au Liban.<\/span><\/strong><\/em><\/h3>\n","protected":false},"excerpt":{"rendered":"<p>MARS 2026 AIDE URGENTE pour les chr\u00e9tiens d\u00e9plac\u00e9s du Sud Liban Voir le document de l&rsquo;ILDES et la lettre du p\u00e8re Kambar ci-dessous Ildes 2.aide pour les de\u0301place\u0301s du Liban Sud 2026 Lettre du P Kambar MERCREDI 28 JANVIER\u00a0 Messe \u00e0 19H \u00e0 Sainte Jeanne d&rsquo;Arc de VERSAILLES Suivie du t\u00e9moignage de madame Ella BITAR &hellip; <a href=\"https:\/\/missionssolidariteliban.com\/index.php\/2026-2\/\" class=\"more-link\">Continuer la lecture<span class=\"screen-reader-text\"> de &laquo;&nbsp;2026&nbsp;&raquo;<\/span><\/a><\/p>\n","protected":false},"author":1,"featured_media":0,"parent":0,"menu_order":0,"comment_status":"closed","ping_status":"closed","template":"","meta":[],"_links":{"self":[{"href":"https:\/\/missionssolidariteliban.com\/index.php\/wp-json\/wp\/v2\/pages\/898"}],"collection":[{"href":"https:\/\/missionssolidariteliban.com\/index.php\/wp-json\/wp\/v2\/pages"}],"about":[{"href":"https:\/\/missionssolidariteliban.com\/index.php\/wp-json\/wp\/v2\/types\/page"}],"author":[{"embeddable":true,"href":"https:\/\/missionssolidariteliban.com\/index.php\/wp-json\/wp\/v2\/users\/1"}],"replies":[{"embeddable":true,"href":"https:\/\/missionssolidariteliban.com\/index.php\/wp-json\/wp\/v2\/comments?post=898"}],"version-history":[{"count":5,"href":"https:\/\/missionssolidariteliban.com\/index.php\/wp-json\/wp\/v2\/pages\/898\/revisions"}],"predecessor-version":[{"id":923,"href":"https:\/\/missionssolidariteliban.com\/index.php\/wp-json\/wp\/v2\/pages\/898\/revisions\/923"}],"wp:attachment":[{"href":"https:\/\/missionssolidariteliban.com\/index.php\/wp-json\/wp\/v2\/media?parent=898"}],"curies":[{"name":"wp","href":"https:\/\/api.w.org\/{rel}","templated":true}]}}