{"id":853,"date":"2024-10-03T11:28:14","date_gmt":"2024-10-03T10:28:14","guid":{"rendered":"https:\/\/missionssolidariteliban.com\/?page_id=853"},"modified":"2024-10-03T11:28:14","modified_gmt":"2024-10-03T10:28:14","slug":"parrainage","status":"publish","type":"page","link":"https:\/\/missionssolidariteliban.com\/index.php\/parrainage\/","title":{"rendered":"Parrainage"},"content":{"rendered":"<hr \/>\n<h4 style=\"text-align: center;\"><span style=\"color: #ff0000;\">faire un Parrainage<\/span><\/h4>\n<h3 style=\"text-align: center;\"><span style=\"color: #000080;\">Faire un parrainage en LIGNE par CARTE\u00a0 (avec re\u00e7u fiscal) \u00e0 travers HelloAsso<\/span><\/h3>\n<h3 style=\"text-align: center;\"><span style=\"color: #ff0000;\">Choisir : Je donne tous les mois <img decoding=\"async\" loading=\"lazy\" class=\"alignnone size-full wp-image-828\" src=\"http:\/\/missionssolidariteliban.com\/wp-content\/uploads\/2024\/03\/Prrainage-MSL-1.png\" alt=\"\" width=\"390\" height=\"205\" srcset=\"https:\/\/missionssolidariteliban.com\/wp-content\/uploads\/2024\/03\/Prrainage-MSL-1.png 390w, https:\/\/missionssolidariteliban.com\/wp-content\/uploads\/2024\/03\/Prrainage-MSL-1-300x158.png 300w\" sizes=\"(max-width: 390px) 85vw, 390px\" \/><\/span><\/h3>\n<p>&nbsp;<\/p>\n<p><iframe id=\"haWidget\" style=\"width: 100%; height: 70px; border: none;\" src=\"https:\/\/www.helloasso.com\/associations\/missions-solidarite-liban\/formulaires\/1\/widget-bouton\" data-mce-fragment=\"1\"><\/iframe><\/p>\n<h4><\/h4>\n<h4 style=\"text-align: center;\"><span style=\"color: #ff0000;\">Pour faire un DON<\/span><\/h4>\n<h4><span style=\"color: #000080;\"><em>Deux solutions :<\/em><\/span><\/h4>\n<h3 style=\"text-align: center;\"><span style=\"color: #000000;\">Faire un DON en LIGNE par CARTE\u00a0 (avec re\u00e7u fiscal):<\/span><\/h3>\n<p><iframe id=\"haWidget\" style=\"width: 100%; height: 70px; border: none;\" src=\"https:\/\/www.helloasso.com\/associations\/missions-solidarite-liban\/formulaires\/1\/widget-bouton\" data-mce-fragment=\"1\"><\/iframe><\/p>\n<h3 style=\"text-align: center;\"><span style=\"color: #000000;\">OU : Faire <strong>un ch\u00e8que \u00e0 l\u2019ordre de \u00ab\u00a0Missions Solidarit\u00e9 Liban\u00a0\u00bb<\/strong><\/span><\/h3>\n<h5 style=\"text-align: left;\"><span style=\"color: #000080;\"><strong><em>et l\u2019envoyer \u00e0 : <\/em><\/strong><\/span><\/h5>\n<h4 style=\"text-align: left;\"><strong><em>Caroline\u00a0 de Raimond\u00a0 (Pr\u00e9sidente de MSL)<br \/>\n<\/em><\/strong><\/h4>\n<h4 style=\"text-align: left;\"><em>1 square Boileau 78150 Le Chesnay<\/em><\/h4>\n<h4 style=\"text-align: center;\"><span style=\"color: #3366ff;\"><strong>Un re\u00e7u fiscal vous sera adress\u00e9.<\/strong><\/span><\/h4>\n<h4 style=\"text-align: center;\"><span style=\"color: #3366ff;\"><em><strong>Votre aide parviendra int\u00e9gralement \u00e0 leurs destinataires !<\/strong><\/em><\/span><\/h4>\n<h3 style=\"text-align: center;\"><span style=\"color: #339966;\"><em><strong>Un grand merci pour votre g\u00e9n\u00e9rosit\u00e9 !<br \/>\n<\/strong><\/em><\/span><\/h3>\n<hr \/>\n<h3><\/h3>\n<h3 style=\"text-align: center;\"><strong><span style=\"color: #0000ff;\">Concernant des dons pr\u00e9c\u00e9dents<\/span><\/strong><\/h3>\n<h3><strong><span style=\"color: #0000ff;\">REMERCIEMENTS des soeurs du CARMEL d&rsquo;ALEP<\/span><\/strong><\/h3>\n<p><span style=\"color: #0000ff;\">Vraiment ce fut une magnifique surprise que nous n&rsquo;attendions pas ! au nom de tous ceux et celles que nous allons pouvoir soulager avec cela ,je vous exprime notre gratitude : actuellement notre priorit\u00e9 est de permettre \u00e0 tous ceux qui s&rsquo;\u00e9taient r\u00e9fugi\u00e9s chez nous de pouvoir retourner dans leur appartement : nous r\u00e9glons pour eux les frais des r\u00e9parations in\u00e9vitables qu&rsquo;ils doivent faire : tuyaux cass\u00e9s , murs fendus , plafond d\u00e9cr\u00e9pi &#8230; ils ont h\u00e2te maintenant ! Si je pouvais vous envoyer leur sourire vous seriez \u00e9mue !!<\/span><\/p>\n<p><span style=\"color: #0000ff;\">Que le Seigneur b\u00e9nisse tous ceux qui ont donn\u00e9, car Dieu ne peut pas se laisser vaincre en mis\u00e9ricorde !<\/span><\/p>\n<p><span style=\"color: #0000ff;\">Nous vous gardons dans notre pri\u00e8re et notre coeur\u00a0<\/span><\/p>\n<p><span style=\"color: #0000ff;\">Bonne mont\u00e9e vers P\u00e2ques\u00a0<\/span><\/p>\n<p><span style=\"color: #0000ff;\">Sr Anne , Prieure<\/span><\/p>\n<div class=\"vc_row wpb_row vc_row-fluid\">\n<div class=\"wpb_column vc_column_container vc_col-sm-9\">\n<div class=\"vc_column-inner\">\n<div class=\"wpb_wrapper\">\n<div class=\"swm_text_block\">\n<p><span style=\"color: #ff0000;\"><span style=\"color: #000000;\"><strong>MSL qui soutient \u00e9galement la Syrie depuis 2011, <\/strong><\/span><strong><span style=\"color: #000000;\">relaie le<\/span> <\/strong><\/span><\/p>\n<h3><strong><span style=\"color: #ff0000;\">SOS des Fr\u00e8res Maristes et du Carmel d\u2019Alep<\/span> <\/strong><\/h3>\n<p>Dans cette <strong>ville durement touch\u00e9e par le s\u00e9isme<\/strong> intervenu dans la nuit du lundi 6 f\u00e9vrier :<\/p>\n<p>Les Fr\u00e8res Maristes viennent d\u2019accueillir dans leur \u00e9cole <strong>800 r\u00e9fugi\u00e9s<\/strong> dont les immeubles se sont effondr\u00e9s en partie ou totalement. Avec la pluie et le froid , ils ne peuvent retourner chez eux.<\/p>\n<p>Le Carmel accueille <strong>10 familles<\/strong> dans leur hall pour les m\u00eames raisons.<\/p>\n<\/div>\n<\/div>\n<\/div>\n<\/div>\n<\/div>\n<div class=\"vc_row wpb_row vc_row-fluid\">\n<div class=\"wpb_column vc_column_container vc_col-sm-12 vc_col-has-fill\">\n<div class=\"vc_column-inner vc_custom_1631977797317\">\n<div class=\"wpb_wrapper\">\n<div class=\"clear\"><\/div>\n<hr class=\"swm_gap\" \/>\n<div class=\"swm_text_block\">\n<p>&nbsp;<\/p>\n<\/div>\n<\/div>\n<\/div>\n<\/div>\n<\/div>\n<h4 style=\"text-align: center;\"><span style=\"color: #339966;\">SOUTENEZ\u00a0 L&rsquo;ACTION\u00a0 de\u00a0 \u00ab\u00a0MISSIONS SOLIDARITE LIBAN\u00a0\u00bb<strong><br \/>\n<\/strong><\/span><\/h4>\n<ul>\n<li>En parrainant une famille pendant un an : 300 \u20ac \u00e0 raison de 75 \u20ac par trimestre<\/li>\n<li>En envoyant :Un don pour les familles chr\u00e9tiennes au Liban en grande pr\u00e9carit\u00e9 soutenues par St Vincent<\/li>\n<li>En envoyant :Un don pour les familles syriennes en d\u00e9tresse \u00e0 Alep<\/li>\n<li>En envoyant un don pour les actions d&rsquo;urgence<\/li>\n<\/ul>\n<p>Nom&#8230;&#8230;&#8230;&#8230;&#8230;&#8230;&#8230;&#8230;&#8230;&#8230;&#8230;&#8230;&#8230;&#8230;&#8230;&#8230;&#8230;&#8230;&#8230;&#8230;&#8230;&#8230;&#8230;Pr\u00e9nom&#8230;&#8230;&#8230;&#8230;&#8230;&#8230;&#8230;&#8230;&#8230;&#8230;&#8230;&#8230;&#8230;&#8230;&#8230;&#8230;<\/p>\n<p>Adresse&#8230;&#8230;&#8230;&#8230;&#8230;&#8230;&#8230;&#8230;&#8230;&#8230;&#8230;&#8230;&#8230;&#8230;&#8230;&#8230;&#8230;&#8230;&#8230;&#8230;&#8230;&#8230;&#8230;&#8230;&#8230;&#8230;&#8230;&#8230;&#8230;&#8230;&#8230;&#8230;&#8230;&#8230;&#8230;&#8230;&#8230;&#8230;&#8230;&#8230;&#8230;..<\/p>\n<p><strong><span style=\"color: #3366ff;\"><span style=\"color: #000000;\">Ch\u00e8que \u00e0 l&rsquo;ordre de :<\/span> Missions Solidarit\u00e9 Liban <\/span><\/strong><\/p>\n<p><strong><span style=\"color: #3366ff;\"><span style=\"color: #000000;\">A envoyer \u00e0 :<\/span> MSL &#8211; Caroline de Raimond<\/span><\/strong><\/p>\n<p><strong><span style=\"color: #3366ff;\">\u00a0\u00a0\u00a0\u00a0\u00a0\u00a0\u00a0\u00a0\u00a0\u00a0\u00a0\u00a0\u00a0\u00a0\u00a0\u00a0\u00a0\u00a0\u00a0\u00a0\u00a0\u00a0\u00a0\u00a0\u00a0\u00a0\u00a0 1 square Boileau<\/span><\/strong><\/p>\n<p><strong><span style=\"color: #3366ff;\">\u00a0\u00a0\u00a0\u00a0\u00a0\u00a0\u00a0\u00a0\u00a0\u00a0\u00a0\u00a0\u00a0\u00a0\u00a0\u00a0\u00a0\u00a0\u00a0\u00a0\u00a0\u00a0\u00a0\u00a0\u00a0\u00a0 78150 Le Chesnay Rocquencourt<\/span><\/strong><\/p>\n<p style=\"text-align: center;\"><strong>Le don est int\u00e9gralement vers\u00e9<\/strong><\/p>\n<h4 style=\"text-align: center;\"><span style=\"color: #ff0000;\"><strong>UN RECU FISCAL vous sera envoy\u00e9<\/strong><\/span><\/h4>\n","protected":false},"excerpt":{"rendered":"<p>faire un Parrainage Faire un parrainage en LIGNE par CARTE\u00a0 (avec re\u00e7u fiscal) \u00e0 travers HelloAsso Choisir : Je donne tous les mois &nbsp; Pour faire un DON Deux solutions : Faire un DON en LIGNE par CARTE\u00a0 (avec re\u00e7u fiscal): OU : Faire un ch\u00e8que \u00e0 l\u2019ordre de \u00ab\u00a0Missions Solidarit\u00e9 Liban\u00a0\u00bb et l\u2019envoyer \u00e0 &hellip; <a href=\"https:\/\/missionssolidariteliban.com\/index.php\/parrainage\/\" class=\"more-link\">Continuer la lecture<span class=\"screen-reader-text\"> de &laquo;&nbsp;Parrainage&nbsp;&raquo;<\/span><\/a><\/p>\n","protected":false},"author":1,"featured_media":0,"parent":0,"menu_order":0,"comment_status":"closed","ping_status":"closed","template":"","meta":[],"_links":{"self":[{"href":"https:\/\/missionssolidariteliban.com\/index.php\/wp-json\/wp\/v2\/pages\/853"}],"collection":[{"href":"https:\/\/missionssolidariteliban.com\/index.php\/wp-json\/wp\/v2\/pages"}],"about":[{"href":"https:\/\/missionssolidariteliban.com\/index.php\/wp-json\/wp\/v2\/types\/page"}],"author":[{"embeddable":true,"href":"https:\/\/missionssolidariteliban.com\/index.php\/wp-json\/wp\/v2\/users\/1"}],"replies":[{"embeddable":true,"href":"https:\/\/missionssolidariteliban.com\/index.php\/wp-json\/wp\/v2\/comments?post=853"}],"version-history":[{"count":1,"href":"https:\/\/missionssolidariteliban.com\/index.php\/wp-json\/wp\/v2\/pages\/853\/revisions"}],"predecessor-version":[{"id":854,"href":"https:\/\/missionssolidariteliban.com\/index.php\/wp-json\/wp\/v2\/pages\/853\/revisions\/854"}],"wp:attachment":[{"href":"https:\/\/missionssolidariteliban.com\/index.php\/wp-json\/wp\/v2\/media?parent=853"}],"curies":[{"name":"wp","href":"https:\/\/api.w.org\/{rel}","templated":true}]}}