{"id":804,"date":"2024-02-12T09:10:41","date_gmt":"2024-02-12T08:10:41","guid":{"rendered":"https:\/\/missionssolidariteliban.com\/?page_id=804"},"modified":"2024-11-23T11:05:24","modified_gmt":"2024-11-23T10:05:24","slug":"2024-2","status":"publish","type":"page","link":"https:\/\/missionssolidariteliban.com\/index.php\/2024-2\/","title":{"rendered":"2024"},"content":{"rendered":"<h2><img decoding=\"async\" loading=\"lazy\" class=\"wp-image-874 aligncenter\" src=\"http:\/\/missionssolidariteliban.com\/wp-content\/uploads\/2024\/11\/PHOTO-concert-24-.jpeg\" alt=\"\" width=\"333\" height=\"471\" srcset=\"https:\/\/missionssolidariteliban.com\/wp-content\/uploads\/2024\/11\/PHOTO-concert-24-.jpeg 905w, https:\/\/missionssolidariteliban.com\/wp-content\/uploads\/2024\/11\/PHOTO-concert-24--212x300.jpeg 212w, https:\/\/missionssolidariteliban.com\/wp-content\/uploads\/2024\/11\/PHOTO-concert-24--724x1024.jpeg 724w, https:\/\/missionssolidariteliban.com\/wp-content\/uploads\/2024\/11\/PHOTO-concert-24--768x1086.jpeg 768w\" sizes=\"(max-width: 333px) 85vw, 333px\" \/><\/h2>\n<h3 style=\"text-align: center;\"><a href=\"http:\/\/missionssolidariteliban.com\/wp-content\/uploads\/2024\/11\/verso-tract-concert-du-7-decembre.pdf\">verso tract concert du 7 d\u00e9cembre<\/a><\/h3>\n<h2><a href=\"http:\/\/missionssolidariteliban.com\/wp-content\/uploads\/2024\/11\/Lettre-donateurs-21-nov.pdf\">Lettre donateurs 21 nov.<\/a><\/h2>\n<p>&nbsp;<\/p>\n<p>&nbsp;<\/p>\n<h3 style=\"text-align: center;\"><span style=\"color: #339966;\"><em>Soir\u00e9e pour les Chr\u00e9tiens d&rsquo;Orient<\/em><\/span><\/h3>\n<h3 style=\"text-align: center;\"><span style=\"color: #ff0000;\"><strong><em>Mercredi 9 octobre 2024<\/em><\/strong><\/span><\/h3>\n<h3 style=\"text-align: center;\"><em>Eglise Sainte Jeanne d&rsquo;Arc<\/em><\/h3>\n<h4 style=\"text-align: center;\">VERSAILLES<\/h4>\n<h4 style=\"text-align: center;\">Le Comit\u00e9 Liban de la paroisse vous invite \u00e0<\/h4>\n<h4 style=\"text-align: left;\">&#8211;<span style=\"color: #339966;\"> Messe maronite \u00e0 19h<\/span><strong> c\u00e9l\u00e9br\u00e9e par le p\u00e8re Douaihy<\/strong><\/h4>\n<h4 style=\"text-align: left;\"><span style=\"color: #339966;\">&#8211; Echange audio \u00e0 20h15<\/span><strong> avec le fr\u00e8re G. Sab\u00e9,<\/strong><\/h4>\n<h4 style=\"text-align: left;\"><strong>Mariste bleu , en direct d&rsquo;Alep.<\/strong><\/h4>\n<h4 style=\"text-align: left;\"><span style=\"color: #339966;\">&#8211; Conf\u00e9rence \u00e0 20h45<\/span><strong> de M.A. de Lacoste sp\u00e9cialiste en G\u00e9opolitique du Proche Orient<\/strong><\/h4>\n<h3 style=\"text-align: center;\"><span style=\"color: #339966;\"><strong><em>Le Liban va-t-il dispara\u00eetre ?<\/em><\/strong><\/span><\/h3>\n<p>&nbsp;<\/p>\n<p><a href=\"http:\/\/missionssolidariteliban.com\/wp-content\/uploads\/2024\/02\/Lettre-MSL-fevrier-24_.pdf\">Lettre MSL fe\u0301vrier 24_<\/a><\/p>\n<h3 style=\"text-align: center;\"><span style=\"color: #ff0000;\"><strong>Samedi 16 et dimanche 17 mars 2024:<\/strong><\/span><\/h3>\n<h4><span style=\"color: #339966;\"><strong><span style=\"color: #ff0000;\">Vente d&rsquo;huile du Liban<\/span> de la r\u00e9gion de Bisri aux sorties des messes de Sainte Jeanne d&rsquo;Arc de Versailles :<br \/>\n<\/strong><\/span><\/h4>\n<ul>\n<li>\n<h4><span style=\"color: #339966;\">samedi 16 mars \u00e0 partir de 18h<\/span><\/h4>\n<\/li>\n<li>\n<h4><span style=\"color: #339966;\">dimanche 17 mars de 9h30 \u00e013h et le soir de 18h30 \u00e0 20h.<\/span><\/h4>\n<\/li>\n<\/ul>\n<h4><span style=\"color: #339966;\">Cette huile est Extra Vierge,d\u00e9licieusement parfum\u00e9e, et le traitement des oliviers est bio !<\/span><\/h4>\n<h3><span style=\"color: #339966;\">Cette vente est tr\u00e8s importante car elle permet aux ol\u00e9iculteurs chr\u00e9tiens de cette r\u00e9gion de vivre de leur travail et de rester sur leur terre.<\/span><\/h3>\n","protected":false},"excerpt":{"rendered":"<p>verso tract concert du 7 d\u00e9cembre Lettre donateurs 21 nov. &nbsp; &nbsp; Soir\u00e9e pour les Chr\u00e9tiens d&rsquo;Orient Mercredi 9 octobre 2024 Eglise Sainte Jeanne d&rsquo;Arc VERSAILLES Le Comit\u00e9 Liban de la paroisse vous invite \u00e0 &#8211; Messe maronite \u00e0 19h c\u00e9l\u00e9br\u00e9e par le p\u00e8re Douaihy &#8211; Echange audio \u00e0 20h15 avec le fr\u00e8re G. Sab\u00e9, &hellip; <a href=\"https:\/\/missionssolidariteliban.com\/index.php\/2024-2\/\" class=\"more-link\">Continuer la lecture<span class=\"screen-reader-text\"> de &laquo;&nbsp;2024&nbsp;&raquo;<\/span><\/a><\/p>\n","protected":false},"author":1,"featured_media":0,"parent":0,"menu_order":0,"comment_status":"closed","ping_status":"closed","template":"","meta":[],"_links":{"self":[{"href":"https:\/\/missionssolidariteliban.com\/index.php\/wp-json\/wp\/v2\/pages\/804"}],"collection":[{"href":"https:\/\/missionssolidariteliban.com\/index.php\/wp-json\/wp\/v2\/pages"}],"about":[{"href":"https:\/\/missionssolidariteliban.com\/index.php\/wp-json\/wp\/v2\/types\/page"}],"author":[{"embeddable":true,"href":"https:\/\/missionssolidariteliban.com\/index.php\/wp-json\/wp\/v2\/users\/1"}],"replies":[{"embeddable":true,"href":"https:\/\/missionssolidariteliban.com\/index.php\/wp-json\/wp\/v2\/comments?post=804"}],"version-history":[{"count":8,"href":"https:\/\/missionssolidariteliban.com\/index.php\/wp-json\/wp\/v2\/pages\/804\/revisions"}],"predecessor-version":[{"id":881,"href":"https:\/\/missionssolidariteliban.com\/index.php\/wp-json\/wp\/v2\/pages\/804\/revisions\/881"}],"wp:attachment":[{"href":"https:\/\/missionssolidariteliban.com\/index.php\/wp-json\/wp\/v2\/media?parent=804"}],"curies":[{"name":"wp","href":"https:\/\/api.w.org\/{rel}","templated":true}]}}