{"id":7,"date":"2016-01-21T12:24:58","date_gmt":"2016-01-21T11:24:58","guid":{"rendered":"http:\/\/missionssolidariteliban.com\/?page_id=7"},"modified":"2023-02-16T17:54:06","modified_gmt":"2023-02-16T16:54:06","slug":"qui-sommes-nous","status":"publish","type":"page","link":"https:\/\/missionssolidariteliban.com\/","title":{"rendered":"Qui sommes nous ?"},"content":{"rendered":"<p style=\"text-align: left;\"><img decoding=\"async\" loading=\"lazy\" class=\" wp-image-86 alignleft\" src=\"http:\/\/missionssolidariteliban.com\/wp-content\/uploads\/2016\/02\/logo-MSL-184x300.png\" alt=\"logo MSL\" width=\"131\" height=\"214\" srcset=\"https:\/\/missionssolidariteliban.com\/wp-content\/uploads\/2016\/02\/logo-MSL-184x300.png 184w, https:\/\/missionssolidariteliban.com\/wp-content\/uploads\/2016\/02\/logo-MSL-768x1253.png 768w, https:\/\/missionssolidariteliban.com\/wp-content\/uploads\/2016\/02\/logo-MSL-627x1024.png 627w, https:\/\/missionssolidariteliban.com\/wp-content\/uploads\/2016\/02\/logo-MSL.png 1000w\" sizes=\"(max-width: 131px) 85vw, 131px\" \/><\/p>\n<p style=\"text-align: left;\"><img decoding=\"async\" loading=\"lazy\" class=\" wp-image-84 alignright\" src=\"http:\/\/missionssolidariteliban.com\/wp-content\/uploads\/2016\/01\/cropped-Flag_of_Lebanon.svg_-300x200.png\" alt=\"cropped-Flag_of_Lebanon.svg_.png\" width=\"233\" height=\"155\" srcset=\"https:\/\/missionssolidariteliban.com\/wp-content\/uploads\/2016\/01\/cropped-Flag_of_Lebanon.svg_-300x200.png 300w, https:\/\/missionssolidariteliban.com\/wp-content\/uploads\/2016\/01\/cropped-Flag_of_Lebanon.svg_-768x512.png 768w, https:\/\/missionssolidariteliban.com\/wp-content\/uploads\/2016\/01\/cropped-Flag_of_Lebanon.svg_-1024x683.png 1024w, https:\/\/missionssolidariteliban.com\/wp-content\/uploads\/2016\/01\/cropped-Flag_of_Lebanon.svg_.png 1200w\" sizes=\"(max-width: 233px) 85vw, 233px\" \/><\/p>\n<p style=\"text-align: left;\">De 1988 \u00e0 2013 , des actions d&rsquo;aide humanitaire au Liban ont \u00e9t\u00e9 conduites via la Guilde du Raid .Ces actions consistaient en des projets de d\u00e9veloppement , un syst\u00e8me de parrainages , une r\u00e9activit\u00e9 face \u00e0 des situations d&rsquo;urgence.<\/p>\n<p>Fin 2012, les personnes qui soutenaient ces actions se sont regroup\u00e9es au sein de l&rsquo;association Missions Solidarit\u00e9 Liban (MSL) , pour intensifier leur aide aux Chr\u00e9tiens du Liban , et l&rsquo;\u00e9largir \u00e0 ceux de Syrie et d&rsquo;Irak.<\/p>\n<p>Cette action s&rsquo;appuie sur deux partenaires au Liban:<\/p>\n<ul>\n<li>la Soci\u00e9t\u00e9 Saint Vincent de Paul de Cornet Chewane<\/li>\n<li>l&rsquo;Institut Libanais de D\u00e9veloppement Economique et Social ( l&rsquo;ILDES), \u00e0 Hadath.<\/li>\n<\/ul>\n","protected":false},"excerpt":{"rendered":"<p>De 1988 \u00e0 2013 , des actions d&rsquo;aide humanitaire au Liban ont \u00e9t\u00e9 conduites via la Guilde du Raid .Ces actions consistaient en des projets de d\u00e9veloppement , un syst\u00e8me de parrainages , une r\u00e9activit\u00e9 face \u00e0 des situations d&rsquo;urgence. Fin 2012, les personnes qui soutenaient ces actions se sont regroup\u00e9es au sein de l&rsquo;association &hellip; <a href=\"https:\/\/missionssolidariteliban.com\/\" class=\"more-link\">Continuer la lecture<span class=\"screen-reader-text\"> de &laquo;&nbsp;Qui sommes nous ?&nbsp;&raquo;<\/span><\/a><\/p>\n","protected":false},"author":1,"featured_media":0,"parent":0,"menu_order":0,"comment_status":"closed","ping_status":"closed","template":"","meta":[],"_links":{"self":[{"href":"https:\/\/missionssolidariteliban.com\/index.php\/wp-json\/wp\/v2\/pages\/7"}],"collection":[{"href":"https:\/\/missionssolidariteliban.com\/index.php\/wp-json\/wp\/v2\/pages"}],"about":[{"href":"https:\/\/missionssolidariteliban.com\/index.php\/wp-json\/wp\/v2\/types\/page"}],"author":[{"embeddable":true,"href":"https:\/\/missionssolidariteliban.com\/index.php\/wp-json\/wp\/v2\/users\/1"}],"replies":[{"embeddable":true,"href":"https:\/\/missionssolidariteliban.com\/index.php\/wp-json\/wp\/v2\/comments?post=7"}],"version-history":[{"count":14,"href":"https:\/\/missionssolidariteliban.com\/index.php\/wp-json\/wp\/v2\/pages\/7\/revisions"}],"predecessor-version":[{"id":638,"href":"https:\/\/missionssolidariteliban.com\/index.php\/wp-json\/wp\/v2\/pages\/7\/revisions\/638"}],"wp:attachment":[{"href":"https:\/\/missionssolidariteliban.com\/index.php\/wp-json\/wp\/v2\/media?parent=7"}],"curies":[{"name":"wp","href":"https:\/\/api.w.org\/{rel}","templated":true}]}}