{"id":687,"date":"2023-05-05T15:06:55","date_gmt":"2023-05-05T14:06:55","guid":{"rendered":"https:\/\/missionssolidariteliban.com\/?page_id=687"},"modified":"2024-02-26T17:48:49","modified_gmt":"2024-02-26T16:48:49","slug":"2023-2","status":"publish","type":"page","link":"https:\/\/missionssolidariteliban.com\/index.php\/2023-2\/","title":{"rendered":"2023"},"content":{"rendered":"<h4 style=\"text-align: center;\"><strong>Nos ACTIONS 2023<\/strong><\/h4>\r\n<h3 style=\"text-align: center;\"><span style=\"color: #339966;\"><strong>17 DECEMBRE 2023<\/strong><\/span><\/h3>\r\n<h3 style=\"text-align: center;\"><span style=\"color: #339966;\">CONCERT : NO\u00cbL de l&rsquo;ORIENT\u00a0<em> (\u00e0 16h30 \u00e0 Sainte Jeanne d&rsquo;Arc de Versailles)<\/em><br \/><\/span><\/h3>\r\n<h4 style=\"text-align: center;\"><a href=\"http:\/\/missionssolidariteliban.com\/wp-content\/uploads\/2023\/11\/Concert-Noel-de-lOrient-2023-Versailles-VF.pdf\">Concert Noel de l&rsquo;Orient 2023 &#8211; Versailles<\/a><\/h4>\r\n<p>&nbsp;<\/p>\r\n<h3 style=\"text-align: center;\"><span style=\"color: #339966;\"><strong>18 OCTOBRE 2023<\/strong><\/span><\/h3>\r\n<h3 style=\"text-align: center;\"><span style=\"color: #339966;\"><strong>MESSE en rite MARONITE\u00a0 ( puis CONFERENCE sur les CHRETIENS d&rsquo;ORIENT) \u00e0 Sainte Jeanne d&rsquo;Arc de Versailles<\/strong><\/span><\/h3>\r\n<p>&nbsp;<\/p>\r\n<h3 style=\"text-align: center;\"><span style=\"color: #339966;\"><strong>MAI 2023<\/strong><\/span><\/h3>\r\n<h3 style=\"text-align: center;\"><span style=\"color: #339966;\"><strong>RENCONTRE AU LIBAN : MISSION 2023<\/strong><\/span><\/h3>\r\n<p><em>Ci dessous compte rendu de cette\u00a0 mission de mai 2023<\/em><\/p>\r\n\r\n<p><a href=\"http:\/\/missionssolidariteliban.com\/wp-content\/uploads\/2023\/06\/Compte-rendu-de-Caroline-de-Raimond.pdf\">Compte rendu de Caroline de Raimond<\/a><\/p>\r\n<p><a href=\"http:\/\/missionssolidariteliban.com\/wp-content\/uploads\/2023\/06\/temoignages-des-participants-mission-mai-2023.pdf\">te\u0301moignages des participants mission mai 2023<\/a><\/p>\r\n<h4 style=\"text-align: center;\"><span style=\"color: #339966;\"><em>PHOTOS de cette Mission<\/em><\/span><\/h4>\r\n<p><img decoding=\"async\" loading=\"lazy\" class=\"size-full wp-image-773 alignleft\" src=\"http:\/\/missionssolidariteliban.com\/wp-content\/uploads\/2023\/11\/Groupe-devant-leglise-dEl-Qaouza.jpg\" alt=\"\" width=\"480\" height=\"640\" srcset=\"https:\/\/missionssolidariteliban.com\/wp-content\/uploads\/2023\/11\/Groupe-devant-leglise-dEl-Qaouza.jpg 480w, https:\/\/missionssolidariteliban.com\/wp-content\/uploads\/2023\/11\/Groupe-devant-leglise-dEl-Qaouza-225x300.jpg 225w\" sizes=\"(max-width: 480px) 85vw, 480px\" \/><\/p>\r\n<p>&nbsp;<\/p>\r\n<p>&nbsp;<\/p>\r\n<p>&nbsp;<\/p>\r\n<p>&nbsp;<\/p>\r\n<p>&nbsp;<\/p>\r\n<p>&nbsp;<\/p>\r\n<p>&nbsp;<\/p>\r\n<p>&nbsp;<\/p>\r\n<p>&nbsp;<\/p>\r\n<p>&nbsp;<\/p>\r\n<p><span style=\"color: #0000ff;\"><em>\u00a0<\/em><\/span><\/p>\r\n<p>&nbsp;<\/p>\r\n<p><img decoding=\"async\" loading=\"lazy\" class=\"alignnone size-full wp-image-773\" src=\"http:\/\/missionssolidariteliban.com\/wp-content\/uploads\/2023\/11\/Groupe-devant-leglise-dEl-Qaouza.jpg\" alt=\"\" width=\"480\" height=\"640\" srcset=\"https:\/\/missionssolidariteliban.com\/wp-content\/uploads\/2023\/11\/Groupe-devant-leglise-dEl-Qaouza.jpg 480w, https:\/\/missionssolidariteliban.com\/wp-content\/uploads\/2023\/11\/Groupe-devant-leglise-dEl-Qaouza-225x300.jpg 225w\" sizes=\"(max-width: 480px) 85vw, 480px\" \/><\/p>\r\n<p><span style=\"color: #0000ff;\"><em>GROUPE de la MISSION<\/em><\/span><\/p>\r\n<p><img decoding=\"async\" loading=\"lazy\" class=\"alignnone size-full wp-image-766\" src=\"http:\/\/missionssolidariteliban.com\/wp-content\/uploads\/2023\/11\/Accueil-a-lArcheveche-de-TYR-par-Mgr-Charbel-Abdallah.jpg\" alt=\"\" width=\"640\" height=\"480\" srcset=\"https:\/\/missionssolidariteliban.com\/wp-content\/uploads\/2023\/11\/Accueil-a-lArcheveche-de-TYR-par-Mgr-Charbel-Abdallah.jpg 640w, https:\/\/missionssolidariteliban.com\/wp-content\/uploads\/2023\/11\/Accueil-a-lArcheveche-de-TYR-par-Mgr-Charbel-Abdallah-300x225.jpg 300w\" sizes=\"(max-width: 640px) 85vw, 640px\" \/><\/p>\r\n<p><span style=\"color: #0000ff;\"><em>Accueil \u00e0 l&rsquo;Archev\u00each\u00e9 de TYR par Mgr Charbel ABDALLAH<\/em><\/span><\/p>\r\n<p><img decoding=\"async\" loading=\"lazy\" class=\"alignnone size-full wp-image-775\" src=\"http:\/\/missionssolidariteliban.com\/wp-content\/uploads\/2023\/11\/Mgr-Charbel-Abdallah-et-le-pere-Jean-Brice-Callery.jpg\" alt=\"\" width=\"640\" height=\"480\" srcset=\"https:\/\/missionssolidariteliban.com\/wp-content\/uploads\/2023\/11\/Mgr-Charbel-Abdallah-et-le-pere-Jean-Brice-Callery.jpg 640w, https:\/\/missionssolidariteliban.com\/wp-content\/uploads\/2023\/11\/Mgr-Charbel-Abdallah-et-le-pere-Jean-Brice-Callery-300x225.jpg 300w\" sizes=\"(max-width: 640px) 85vw, 640px\" \/><\/p>\r\n<p><span style=\"color: #0000ff;\"><em>Mgr Charbel Abdallah ,avec le sup\u00e9rieur des fr\u00e8res mineurs du coeur immacul\u00e9 de Marie , et le P\u00e8re Callery cur\u00e9 de Sainte Jeanne d&rsquo;Arc de Versailles<\/em><\/span><\/p>\r\n<p><img decoding=\"async\" loading=\"lazy\" class=\"alignnone size-full wp-image-767\" src=\"http:\/\/missionssolidariteliban.com\/wp-content\/uploads\/2023\/11\/Archeveche-de-TYR.jpg\" alt=\"\" width=\"640\" height=\"480\" srcset=\"https:\/\/missionssolidariteliban.com\/wp-content\/uploads\/2023\/11\/Archeveche-de-TYR.jpg 640w, https:\/\/missionssolidariteliban.com\/wp-content\/uploads\/2023\/11\/Archeveche-de-TYR-300x225.jpg 300w\" sizes=\"(max-width: 640px) 85vw, 640px\" \/><\/p>\r\n<p><span style=\"color: #0000ff;\"><em>Avec Caroline de Raimond , pr\u00e9sidente de MSL<\/em><\/span><\/p>\r\n<p><img decoding=\"async\" loading=\"lazy\" class=\"alignnone size-full wp-image-777\" src=\"http:\/\/missionssolidariteliban.com\/wp-content\/uploads\/2023\/11\/Pere-Kambar.jpg\" alt=\"\" width=\"640\" height=\"480\" srcset=\"https:\/\/missionssolidariteliban.com\/wp-content\/uploads\/2023\/11\/Pere-Kambar.jpg 640w, https:\/\/missionssolidariteliban.com\/wp-content\/uploads\/2023\/11\/Pere-Kambar-300x225.jpg 300w\" sizes=\"(max-width: 640px) 85vw, 640px\" \/><\/p>\r\n<p><span style=\"color: #0000ff;\"><em>Le p\u00e8re Kambar , secr\u00e9taire du jumelage du dioc\u00e8se de Tyr avec la paroisse Sainte Jeanne d&rsquo;Arc de Versailles<\/em><\/span><\/p>\r\n<p><img decoding=\"async\" loading=\"lazy\" class=\"alignnone size-full wp-image-776\" src=\"http:\/\/missionssolidariteliban.com\/wp-content\/uploads\/2023\/11\/Pere-Callery-et-soeur-Beatrice-Mauger.jpg\" alt=\"\" width=\"480\" height=\"640\" srcset=\"https:\/\/missionssolidariteliban.com\/wp-content\/uploads\/2023\/11\/Pere-Callery-et-soeur-Beatrice-Mauger.jpg 480w, https:\/\/missionssolidariteliban.com\/wp-content\/uploads\/2023\/11\/Pere-Callery-et-soeur-Beatrice-Mauger-225x300.jpg 225w\" sizes=\"(max-width: 480px) 85vw, 480px\" \/><\/p>\r\n<p><span style=\"color: #0000ff;\"><em>Le P\u00e8re Callery et soeur B\u00e9atrice Mauger, ermite de la Paix \u00e0 El Qaouza \u00e0 la fronti\u00e8re avec Isra\u00ebl<\/em><\/span><\/p>\r\n<p><img decoding=\"async\" loading=\"lazy\" class=\"alignnone size-full wp-image-774\" src=\"http:\/\/missionssolidariteliban.com\/wp-content\/uploads\/2023\/11\/Messe-a-Rmeich-avec-le-pere-Fadi-Fellefli.jpg\" alt=\"\" width=\"640\" height=\"480\" srcset=\"https:\/\/missionssolidariteliban.com\/wp-content\/uploads\/2023\/11\/Messe-a-Rmeich-avec-le-pere-Fadi-Fellefli.jpg 640w, https:\/\/missionssolidariteliban.com\/wp-content\/uploads\/2023\/11\/Messe-a-Rmeich-avec-le-pere-Fadi-Fellefli-300x225.jpg 300w\" sizes=\"(max-width: 640px) 85vw, 640px\" \/><\/p>\r\n<p><span style=\"color: #0000ff;\"><em>Messe \u00e0 Rmeich avec le P\u00e8re Fadi Fellefli , cur\u00e9 de Debel et aumonier de Saint Vincent de Paul pour tous les chr\u00e9tiens du Sud Liban<\/em><\/span><\/p>\r\n<p><img decoding=\"async\" loading=\"lazy\" class=\"alignnone size-full wp-image-770\" src=\"http:\/\/missionssolidariteliban.com\/wp-content\/uploads\/2023\/11\/Famille-parrainee-habitant-Rmeich.jpg\" alt=\"\" width=\"640\" height=\"480\" srcset=\"https:\/\/missionssolidariteliban.com\/wp-content\/uploads\/2023\/11\/Famille-parrainee-habitant-Rmeich.jpg 640w, https:\/\/missionssolidariteliban.com\/wp-content\/uploads\/2023\/11\/Famille-parrainee-habitant-Rmeich-300x225.jpg 300w\" sizes=\"(max-width: 640px) 85vw, 640px\" \/><\/p>\r\n<p><span style=\"color: #0000ff;\"><em>Famille parrain\u00e9e : L\u00e9on Amil habitant Rmeich, parents agriculteurs, fils dans l&rsquo;arm\u00e9e , fille infirmi\u00e8re et Maria qui veut faire des \u00e9tudes de psychologie<\/em><\/span><\/p>\r\n<p><img decoding=\"async\" loading=\"lazy\" class=\"alignnone size-full wp-image-778\" src=\"http:\/\/missionssolidariteliban.com\/wp-content\/uploads\/2023\/11\/Waddad-Anna-Une-grand-mere-et-sa-petite-fille.jpg\" alt=\"\" width=\"480\" height=\"640\" srcset=\"https:\/\/missionssolidariteliban.com\/wp-content\/uploads\/2023\/11\/Waddad-Anna-Une-grand-mere-et-sa-petite-fille.jpg 480w, https:\/\/missionssolidariteliban.com\/wp-content\/uploads\/2023\/11\/Waddad-Anna-Une-grand-mere-et-sa-petite-fille-225x300.jpg 225w\" sizes=\"(max-width: 480px) 85vw, 480px\" \/><\/p>\r\n<p><span style=\"color: #0000ff;\"><em>Wadadd Anna : grand m\u00e8re qui s&rsquo;occupe de ses deux petits enfants, car sa fille est d\u00e9c\u00e9d\u00e9e et son gendre travaille . Le parrainage sert \u00e0 payer les \u00e9tudes et les m\u00e9dicaments.<img decoding=\"async\" loading=\"lazy\" class=\"alignnone size-full wp-image-769\" src=\"http:\/\/missionssolidariteliban.com\/wp-content\/uploads\/2023\/11\/Directrice-dune-ecole-Soeur-Maya.jpg\" alt=\"\" width=\"640\" height=\"480\" srcset=\"https:\/\/missionssolidariteliban.com\/wp-content\/uploads\/2023\/11\/Directrice-dune-ecole-Soeur-Maya.jpg 640w, https:\/\/missionssolidariteliban.com\/wp-content\/uploads\/2023\/11\/Directrice-dune-ecole-Soeur-Maya-300x225.jpg 300w\" sizes=\"(max-width: 640px) 85vw, 640px\" \/><\/em><\/span><\/p>\r\n<p><span style=\"color: #0000ff;\"><em>Jumelage de l&rsquo;\u00e9cole Blanche de Castille avec les Saints Coeurs d&rsquo;Ain Ebel: sa directrice soeur Maia<\/em><\/span><\/p>\r\n<p><img decoding=\"async\" loading=\"lazy\" class=\"alignnone size-full wp-image-780\" src=\"http:\/\/missionssolidariteliban.com\/wp-content\/uploads\/2023\/11\/Port-de-TYR.jpg\" alt=\"\" width=\"640\" height=\"480\" srcset=\"https:\/\/missionssolidariteliban.com\/wp-content\/uploads\/2023\/11\/Port-de-TYR.jpg 640w, https:\/\/missionssolidariteliban.com\/wp-content\/uploads\/2023\/11\/Port-de-TYR-300x225.jpg 300w\" sizes=\"(max-width: 640px) 85vw, 640px\" \/><\/p>\r\n<p><span style=\"color: #0000ff;\"><em>Port de Tyr<\/em><\/span><\/p>\r\n<p><img decoding=\"async\" loading=\"lazy\" class=\"alignnone size-full wp-image-779\" src=\"http:\/\/missionssolidariteliban.com\/wp-content\/uploads\/2023\/11\/Huilerie-de-Lebaa.jpg\" alt=\"\" width=\"640\" height=\"480\" srcset=\"https:\/\/missionssolidariteliban.com\/wp-content\/uploads\/2023\/11\/Huilerie-de-Lebaa.jpg 640w, https:\/\/missionssolidariteliban.com\/wp-content\/uploads\/2023\/11\/Huilerie-de-Lebaa-300x225.jpg 300w\" sizes=\"(max-width: 640px) 85vw, 640px\" \/><\/p>\r\n<p><span style=\"color: #0000ff;\"><em>Visite de l&rsquo;huilerie de Lebaa : soutien aux ol\u00e9iculteurs chr\u00e9tiens de la r\u00e9gion<\/em><\/span><\/p>\r\n<h3 style=\"text-align: center;\"><span style=\"color: #339966;\"><strong>Samedi 15 et dimanche 16 avril 2023:<\/strong><\/span><\/h3>\r\n<h3><span style=\"color: #339966;\"><strong>Vente d&rsquo;huile du Liban de la r\u00e9gion de Jezzine (Lebaa) aux sorties des messes de Sainte Jeanne d&rsquo;Arc de Versailles :<\/strong><\/span><\/h3>\r\n<h3><span style=\"color: #339966;\">2000 bouteilles vendues !<\/span><\/h3>\r\n<p><img decoding=\"async\" loading=\"lazy\" class=\"alignnone  wp-image-764\" src=\"http:\/\/missionssolidariteliban.com\/wp-content\/uploads\/2023\/11\/huile.jpg\" alt=\"\" width=\"167\" height=\"682\" \/><\/p>\r\n<h3>\u00a0<\/h3>\r\n<p><span style=\"color: #0000ff;\"><em>\u00a0<\/em><\/span><\/p>\r\n<p><img decoding=\"async\" loading=\"lazy\" class=\"alignnone size-full wp-image-771\" src=\"http:\/\/missionssolidariteliban.com\/wp-content\/uploads\/2023\/11\/Frontiere-avec-Israel.jpg\" alt=\"\" width=\"640\" height=\"480\" srcset=\"https:\/\/missionssolidariteliban.com\/wp-content\/uploads\/2023\/11\/Frontiere-avec-Israel.jpg 640w, https:\/\/missionssolidariteliban.com\/wp-content\/uploads\/2023\/11\/Frontiere-avec-Israel-300x225.jpg 300w\" sizes=\"(max-width: 640px) 85vw, 640px\" \/><\/p>\r\n<p><span style=\"color: #0000ff;\"><em>Fronti\u00e8re avec Isra\u00ebl<\/em><\/span><\/p>\r\n","protected":false},"excerpt":{"rendered":"<p>Nos ACTIONS 2023 17 DECEMBRE 2023 CONCERT : NO\u00cbL de l&rsquo;ORIENT\u00a0 (\u00e0 16h30 \u00e0 Sainte Jeanne d&rsquo;Arc de Versailles) Concert Noel de l&rsquo;Orient 2023 &#8211; Versailles &nbsp; 18 OCTOBRE 2023 MESSE en rite MARONITE\u00a0 ( puis CONFERENCE sur les CHRETIENS d&rsquo;ORIENT) \u00e0 Sainte Jeanne d&rsquo;Arc de Versailles &nbsp; MAI 2023 RENCONTRE AU LIBAN : MISSION &hellip; <a href=\"https:\/\/missionssolidariteliban.com\/index.php\/2023-2\/\" class=\"more-link\">Continuer la lecture<span class=\"screen-reader-text\"> de &laquo;&nbsp;2023&nbsp;&raquo;<\/span><\/a><\/p>\n","protected":false},"author":1,"featured_media":0,"parent":0,"menu_order":0,"comment_status":"closed","ping_status":"closed","template":"","meta":[],"_links":{"self":[{"href":"https:\/\/missionssolidariteliban.com\/index.php\/wp-json\/wp\/v2\/pages\/687"}],"collection":[{"href":"https:\/\/missionssolidariteliban.com\/index.php\/wp-json\/wp\/v2\/pages"}],"about":[{"href":"https:\/\/missionssolidariteliban.com\/index.php\/wp-json\/wp\/v2\/types\/page"}],"author":[{"embeddable":true,"href":"https:\/\/missionssolidariteliban.com\/index.php\/wp-json\/wp\/v2\/users\/1"}],"replies":[{"embeddable":true,"href":"https:\/\/missionssolidariteliban.com\/index.php\/wp-json\/wp\/v2\/comments?post=687"}],"version-history":[{"count":22,"href":"https:\/\/missionssolidariteliban.com\/index.php\/wp-json\/wp\/v2\/pages\/687\/revisions"}],"predecessor-version":[{"id":813,"href":"https:\/\/missionssolidariteliban.com\/index.php\/wp-json\/wp\/v2\/pages\/687\/revisions\/813"}],"wp:attachment":[{"href":"https:\/\/missionssolidariteliban.com\/index.php\/wp-json\/wp\/v2\/media?parent=687"}],"curies":[{"name":"wp","href":"https:\/\/api.w.org\/{rel}","templated":true}]}}