{"id":540,"date":"2022-02-04T21:04:01","date_gmt":"2022-02-04T20:04:01","guid":{"rendered":"https:\/\/missionssolidariteliban.com\/?page_id=540"},"modified":"2022-02-04T21:04:01","modified_gmt":"2022-02-04T20:04:01","slug":"2017-2","status":"publish","type":"page","link":"https:\/\/missionssolidariteliban.com\/index.php\/2017-2\/","title":{"rendered":"2017"},"content":{"rendered":"\n<h5 class=\"wp-block-heading\">Actions r\u00e9alis\u00e9es en 2017 par MSL:<\/h5>\n\n\n\n<p><em>(en plus des actions en cours tels que les parrainages de familles et les micro-projets)<\/em><\/p>\n\n\n\n<p><strong>&nbsp;Vente tr\u00e8s r\u00e9ussie de 2 000 bouteilles d&rsquo;huile d&rsquo;olive en novembre et d\u00e9cembre 2017<\/strong> dans les&nbsp; paroisses Sainte Jeanne d&rsquo;Arc de Versailles et de&nbsp; Montesson, et dans une paroisse de Nancy: <strong>Un grand merci aux paroissiens fid\u00e8les dans cette action annuelle, et aux nouveaux donateurs.<\/strong><\/p>\n\n\n\n<p><strong>Don de 2 200 \u20ac <\/strong>\u00e0 l&rsquo;association Saint Vincent de Paul pour l&rsquo;<strong>achat de chaussures pour une centaine d&rsquo; enfants<\/strong> de familles n\u00e9cessiteuses.<\/p>\n\n\n\n<p><strong>Financement de la scolarisation d&rsquo;une dizaine d&rsquo;enfants <\/strong>, gr\u00e2ce au jumelage de trois \u00e9coles de Versailles, du Chesnay et de Montesson .<\/p>\n\n\n\n<p><strong>Don de 1 000 \u20ac <\/strong>au dispensaire de l&rsquo;ILDES pour l&rsquo;achat de m\u00e9dicaments.<\/p>\n\n\n\n<p><strong>Don de 1 000 \u20ac <\/strong>aux fr\u00e8res Maristes d&rsquo;Alep en Syrie pour des familles en d\u00e9tresse.<\/p>\n","protected":false},"excerpt":{"rendered":"<p>Actions r\u00e9alis\u00e9es en 2017 par MSL: (en plus des actions en cours tels que les parrainages de familles et les micro-projets) &nbsp;Vente tr\u00e8s r\u00e9ussie de 2 000 bouteilles d&rsquo;huile d&rsquo;olive en novembre et d\u00e9cembre 2017 dans les&nbsp; paroisses Sainte Jeanne d&rsquo;Arc de Versailles et de&nbsp; Montesson, et dans une paroisse de Nancy: Un grand merci &hellip; <a href=\"https:\/\/missionssolidariteliban.com\/index.php\/2017-2\/\" class=\"more-link\">Continuer la lecture<span class=\"screen-reader-text\"> de &laquo;&nbsp;2017&nbsp;&raquo;<\/span><\/a><\/p>\n","protected":false},"author":1,"featured_media":0,"parent":0,"menu_order":0,"comment_status":"closed","ping_status":"closed","template":"","meta":[],"_links":{"self":[{"href":"https:\/\/missionssolidariteliban.com\/index.php\/wp-json\/wp\/v2\/pages\/540"}],"collection":[{"href":"https:\/\/missionssolidariteliban.com\/index.php\/wp-json\/wp\/v2\/pages"}],"about":[{"href":"https:\/\/missionssolidariteliban.com\/index.php\/wp-json\/wp\/v2\/types\/page"}],"author":[{"embeddable":true,"href":"https:\/\/missionssolidariteliban.com\/index.php\/wp-json\/wp\/v2\/users\/1"}],"replies":[{"embeddable":true,"href":"https:\/\/missionssolidariteliban.com\/index.php\/wp-json\/wp\/v2\/comments?post=540"}],"version-history":[{"count":1,"href":"https:\/\/missionssolidariteliban.com\/index.php\/wp-json\/wp\/v2\/pages\/540\/revisions"}],"predecessor-version":[{"id":541,"href":"https:\/\/missionssolidariteliban.com\/index.php\/wp-json\/wp\/v2\/pages\/540\/revisions\/541"}],"wp:attachment":[{"href":"https:\/\/missionssolidariteliban.com\/index.php\/wp-json\/wp\/v2\/media?parent=540"}],"curies":[{"name":"wp","href":"https:\/\/api.w.org\/{rel}","templated":true}]}}