{"id":15,"date":"2016-01-21T12:25:58","date_gmt":"2016-01-21T11:25:58","guid":{"rendered":"http:\/\/missionssolidariteliban.com\/?page_id=15"},"modified":"2023-02-16T17:55:43","modified_gmt":"2023-02-16T16:55:43","slug":"prier","status":"publish","type":"page","link":"https:\/\/missionssolidariteliban.com\/index.php\/prier\/","title":{"rendered":"Prier"},"content":{"rendered":"<p><img decoding=\"async\" loading=\"lazy\" class=\"alignnone wp-image-86\" src=\"http:\/\/missionssolidariteliban.com\/wp-content\/uploads\/2016\/02\/logo-MSL-184x300.png\" alt=\"logo MSL\" width=\"90\" height=\"147\" srcset=\"https:\/\/missionssolidariteliban.com\/wp-content\/uploads\/2016\/02\/logo-MSL-184x300.png 184w, https:\/\/missionssolidariteliban.com\/wp-content\/uploads\/2016\/02\/logo-MSL-768x1253.png 768w, https:\/\/missionssolidariteliban.com\/wp-content\/uploads\/2016\/02\/logo-MSL-627x1024.png 627w, https:\/\/missionssolidariteliban.com\/wp-content\/uploads\/2016\/02\/logo-MSL.png 1000w\" sizes=\"(max-width: 90px) 85vw, 90px\" \/><\/p>\n<p><em>\u00a0<\/em><\/p>\n<ul>\n<li><strong><span style=\"color: #339966;\">Chapelet pour les Chr\u00e9tiens de Tyr au Sud Liban et les Chr\u00e9tiens d&rsquo;Orient:<\/span><\/strong><\/li>\n<\/ul>\n<p><strong>Tous les jeudis \u00e0 19h 15<br \/>\n<\/strong><\/p>\n<p>Dans l&rsquo;\u00e9glise Sainte Jeanne d&rsquo;Arc de Versailles (Gare Rive Droite)<\/p>\n<p>ci-dessous le lien pour ouvrir le fichier avec le \u00ab\u00a0Notre P\u00e8re\u00a0\u00bb et le \u00ab\u00a0Je vous salue Marie\u00a0\u00bb en ARAMEEN<\/p>\n<p><a href=\"http:\/\/missionssolidariteliban.com\/wp-content\/uploads\/2018\/06\/Alsalam-aaleki-ya-Mariam-Abana-1.docx\">Alsalam aaleki ya Mariam + Abana (1)<\/a><\/p>\n<p><img decoding=\"async\" loading=\"lazy\" class=\"alignnone wp-image-323\" src=\"http:\/\/missionssolidariteliban.com\/wp-content\/uploads\/2018\/06\/Pri\u00e8re-de-la-neuvaine-\u00e0-Marie-N-D-de-France.jpg\" alt=\"\" width=\"329\" height=\"585\" srcset=\"https:\/\/missionssolidariteliban.com\/wp-content\/uploads\/2018\/06\/Pri\u00e8re-de-la-neuvaine-\u00e0-Marie-N-D-de-France.jpg 1182w, https:\/\/missionssolidariteliban.com\/wp-content\/uploads\/2018\/06\/Pri\u00e8re-de-la-neuvaine-\u00e0-Marie-N-D-de-France-169x300.jpg 169w, https:\/\/missionssolidariteliban.com\/wp-content\/uploads\/2018\/06\/Pri\u00e8re-de-la-neuvaine-\u00e0-Marie-N-D-de-France-768x1364.jpg 768w, https:\/\/missionssolidariteliban.com\/wp-content\/uploads\/2018\/06\/Pri\u00e8re-de-la-neuvaine-\u00e0-Marie-N-D-de-France-576x1024.jpg 576w\" sizes=\"(max-width: 329px) 85vw, 329px\" \/><\/p>\n<ul>\n<li><strong><span style=\"color: #339966;\">Pri\u00e8re \u00e0 Saint Charbel:<\/span><\/strong><\/li>\n<\/ul>\n<p><img decoding=\"async\" loading=\"lazy\" class=\"alignnone size-full wp-image-171\" src=\"http:\/\/missionssolidariteliban.com\/wp-content\/uploads\/2016\/11\/Saint-Charbel_20161114_095613.jpg\" alt=\"saint-charbel_20161114_095613\" width=\"1757\" height=\"1309\" \/><\/p>\n","protected":false},"excerpt":{"rendered":"<p>\u00a0 Chapelet pour les Chr\u00e9tiens de Tyr au Sud Liban et les Chr\u00e9tiens d&rsquo;Orient: Tous les jeudis \u00e0 19h 15 Dans l&rsquo;\u00e9glise Sainte Jeanne d&rsquo;Arc de Versailles (Gare Rive Droite) ci-dessous le lien pour ouvrir le fichier avec le \u00ab\u00a0Notre P\u00e8re\u00a0\u00bb et le \u00ab\u00a0Je vous salue Marie\u00a0\u00bb en ARAMEEN Alsalam aaleki ya Mariam + Abana &hellip; <a href=\"https:\/\/missionssolidariteliban.com\/index.php\/prier\/\" class=\"more-link\">Continuer la lecture<span class=\"screen-reader-text\"> de &laquo;&nbsp;Prier&nbsp;&raquo;<\/span><\/a><\/p>\n","protected":false},"author":1,"featured_media":0,"parent":0,"menu_order":0,"comment_status":"closed","ping_status":"closed","template":"","meta":[],"_links":{"self":[{"href":"https:\/\/missionssolidariteliban.com\/index.php\/wp-json\/wp\/v2\/pages\/15"}],"collection":[{"href":"https:\/\/missionssolidariteliban.com\/index.php\/wp-json\/wp\/v2\/pages"}],"about":[{"href":"https:\/\/missionssolidariteliban.com\/index.php\/wp-json\/wp\/v2\/types\/page"}],"author":[{"embeddable":true,"href":"https:\/\/missionssolidariteliban.com\/index.php\/wp-json\/wp\/v2\/users\/1"}],"replies":[{"embeddable":true,"href":"https:\/\/missionssolidariteliban.com\/index.php\/wp-json\/wp\/v2\/comments?post=15"}],"version-history":[{"count":12,"href":"https:\/\/missionssolidariteliban.com\/index.php\/wp-json\/wp\/v2\/pages\/15\/revisions"}],"predecessor-version":[{"id":639,"href":"https:\/\/missionssolidariteliban.com\/index.php\/wp-json\/wp\/v2\/pages\/15\/revisions\/639"}],"wp:attachment":[{"href":"https:\/\/missionssolidariteliban.com\/index.php\/wp-json\/wp\/v2\/media?parent=15"}],"curies":[{"name":"wp","href":"https:\/\/api.w.org\/{rel}","templated":true}]}}