{"id":13,"date":"2016-01-21T12:25:47","date_gmt":"2016-01-21T11:25:47","guid":{"rendered":"http:\/\/missionssolidariteliban.com\/?page_id=13"},"modified":"2026-03-13T16:54:22","modified_gmt":"2026-03-13T15:54:22","slug":"nous-aider","status":"publish","type":"page","link":"https:\/\/missionssolidariteliban.com\/index.php\/nous-aider\/","title":{"rendered":"DONS"},"content":{"rendered":"<h3 style=\"text-align: left;\"><span style=\"color: #ff0000;\"><img decoding=\"async\" loading=\"lazy\" class=\"alignnone wp-image-86\" src=\"http:\/\/missionssolidariteliban.com\/wp-content\/uploads\/2016\/02\/logo-MSL-184x300.png\" alt=\"logo MSL\" width=\"90\" height=\"147\" srcset=\"https:\/\/missionssolidariteliban.com\/wp-content\/uploads\/2016\/02\/logo-MSL-184x300.png 184w, https:\/\/missionssolidariteliban.com\/wp-content\/uploads\/2016\/02\/logo-MSL-768x1253.png 768w, https:\/\/missionssolidariteliban.com\/wp-content\/uploads\/2016\/02\/logo-MSL-627x1024.png 627w, https:\/\/missionssolidariteliban.com\/wp-content\/uploads\/2016\/02\/logo-MSL.png 1000w\" sizes=\"(max-width: 90px) 85vw, 90px\" \/><\/span><\/h3>\n<h3 style=\"text-align: center;\"><span style=\"color: #ff0000;\">APPEL URGENT MARS 2026<\/span><\/h3>\n<h4 style=\"text-align: center;\"><span style=\"color: #ff0000;\"><strong>AIDE URGENTE pour les chr\u00e9tiens d\u00e9plac\u00e9s du Sud Liban<\/strong><\/span><\/h4>\n<p><span style=\"color: #ff0000;\">Voir le document de l&rsquo;ILDES et la lettre du p\u00e8re Kambar ci-dessous<\/span><\/p>\n<p><a href=\"http:\/\/missionssolidariteliban.com\/wp-content\/uploads\/2026\/03\/Ildes-2.aide-pour-les-deplaces-du-Liban-Sud-2026.docx\">Ildes 2.aide pour les de\u0301place\u0301s du Liban Sud 2026<\/a><\/p>\n<p><a href=\"http:\/\/missionssolidariteliban.com\/wp-content\/uploads\/2026\/03\/Lettre-du-P-Kambar.rtf\">Lettre du P Kambar<\/a><\/p>\n<h3 style=\"text-align: center;\"><span style=\"color: #ff0000;\">Catastrophe humanitaire au Sud-Liban.<\/span><\/h3>\n<h3><iframe id=\"haWidget\" style=\"width: 100%; height: 70px; border: none;\" src=\"https:\/\/www.helloasso.com\/associations\/missions-solidarite-liban\/formulaires\/7\/widget-bouton\"><\/iframe><\/h3>\n<h5><em><span style=\"color: #3366ff;\">La Situation est dramatique.<\/span><\/em><\/h5>\n<h5><strong><span style=\"color: #3366ff;\"><em>F<\/em><\/span><\/strong><strong><span style=\"color: #3366ff;\"><em>orc\u00e9es de fuir les bombardements, des <\/em><\/span><\/strong><span style=\"color: #3366ff;\"><em>milliers de personnes se retrouvent \u00e0 la rue.<\/em><\/span><\/h5>\n<h5><span style=\"color: #3366ff;\"><em>Les \u00e9coles et abris de fortune sont satur\u00e9s. <\/em><\/span><\/h5>\n<h5><strong><span style=\"color: #3366ff;\"><em>MSL soutient la Soci\u00e9t\u00e9 Saint-Vincent-de-Paul pour aider les d\u00e9plac\u00e9s.<\/em><\/span><\/strong><\/h5>\n<h5><strong><span style=\"color: #3366ff;\"><em>Aidez-nous \u00e0 leur apporter un peu de r\u00e9confort : nourriture, soins, v\u00eatements&#8230; <\/em><\/span><\/strong><\/h5>\n<h5><strong><span style=\"color: #3366ff;\"><em>Votre don, m\u00eame modeste, fera une r\u00e9elle diff\u00e9rence. <\/em><\/span><\/strong><span style=\"color: #3366ff;\"><em>Soutenez les chr\u00e9tiens du Liban.<\/em><\/span><\/h5>\n<p style=\"text-align: center;\"><strong>Le don est int\u00e9gralement vers\u00e9<\/strong><\/p>\n<h4 style=\"text-align: center;\"><span style=\"color: #ff0000;\"><strong>UN RECU FISCAL vous sera envoy\u00e9<\/strong><\/span><\/h4>\n<h3 style=\"text-align: center;\"><span style=\"color: #339966;\"><strong><em>Message du P\u00e8re Fadi<\/em><\/strong><\/span><\/h3>\n<h4><em><strong><span style=\"color: #339966;\">Cur\u00e9 de Debel et responsable de St Vincent au sud Liban<\/span><\/strong><\/em><\/h4>\n<p>Nous r\u00e9sistons autant qu&rsquo;on peut, pour l&rsquo;instant nous essayons de rester le plus longtemps possible chez nous, jusqu&rsquo;\u00e0 ce qu\u2019on soit oblig\u00e9 vraiment de partir.<\/p>\n<p>Nous vivons une trag\u00e9die car nos villages de par leur situation g\u00e9ographique se situent vraiment \u00e0 la fronti\u00e8re d\u2019Isra\u00ebl, les bombes qui viennent d&rsquo;Isra\u00ebl passent par dessus nos t\u00eates et tombent parfois \u00e0 c\u00f4t\u00e9 de nous, et les bombes du Hezbollah pareil, nous sommes touch\u00e9s des deux c\u00f4t\u00e9s \u2026 Tous ces \u00e9v\u00e8nements ont g\u00e9n\u00e9r\u00e9 beaucoup de peur et de panique chez les familles, beaucoup ont fui vers des r\u00e9gions plus s\u00fbres et les villages se sont vid\u00e9s.<\/p>\n<p>Malheureusement nous avons perdu une famille chr\u00e9tienne enti\u00e8re \u00e0 cause d&rsquo;une bombe qui est rentr\u00e9e directement dans leur maison, il s&rsquo;agit de la famille de Samah Saiid\u00a0; merci de prier pour leurs \u00e2mes.<\/p>\n<p>A Qaouzah plus de 20 maisons ont \u00e9t\u00e9 bombard\u00e9es. Il y a eu 2 raids a\u00e9riens qui ont fait\u00a0 \u00e9norm\u00e9ment de d\u00e9g\u00e2ts, 2 maisons ont \u00e9t\u00e9 compl\u00e8tement d\u00e9truites et beaucoup de destructions sur les autres maisons qui se trouvent autour. <strong>70% des habitations ont \u00e9t\u00e9 d\u00e9truites.<\/strong><\/p>\n<p>S\u0153ur B\u00e9atrice, ermite de la paix a voulu rester dans son Ermitage.<\/p>\n<p>A Rmeich, les maisons qui sont les plus expos\u00e9es \u00e0 la fronti\u00e8re ont \u00e9t\u00e9 endommag\u00e9es, mais le centre de Rmeich est \u00e9pargn\u00e9 pour l&rsquo;instant, c&rsquo;est plus sur les abords du village que la situation est la plus critique. Il reste \u00e0 Rmeich \u00e0 peu pr\u00e8s 500 familles.<\/p>\n<p>Par contre le village de Aiin Ebel a \u00e9t\u00e9 vraiment touch\u00e9 et beaucoup de logements ont \u00e9t\u00e9 d\u00e9truits\u00a0; tous les habitants ont fui ainsi que dans le village de Yaroun .<\/p>\n<p>A Debel il reste peu de monde, il reste \u00e0 peu pr\u00e8s 100 familles, surtout apr\u00e8s que la famille a \u00e9t\u00e9 tu\u00e9e, les gens sont partis. En plus les routes sont coup\u00e9es, nous n\u2019avons plus de fuel ni \u00e9lectricit\u00e9 ni eau ni m\u00e9dicaments, et les gens qui restent essaient de tenir avec le peu de choses qu&rsquo;ils ont car ils gardent l&rsquo;espoir d&rsquo;un lendemain meilleur, c&rsquo;est l&rsquo;esp\u00e9rance qui nous fait tenir.<\/p>\n<p>Le Comit\u00e9 Liban lance un appel de fonds pour soutenir toutes ces familles chr\u00e9tiennes qui ont du quitter leur maison et qui sont accueillies par St Vincent de Paul\u00a0: Elles manquent de tout\u00a0: St Vincent leur fournit des repas chauds, des m\u00e9dicaments, Kit d\u2019hygi\u00e8ne\u2026.<\/p>\n<h2 style=\"text-align: center;\"><span style=\"color: #339966;\">Merci de votre g\u00e9n\u00e9rosit\u00e9.<\/span><\/h2>\n<h3><strong><em>Plusieurs photos du Sud Liban apr\u00e8s les bombardements isra\u00ebliens<\/em><\/strong><\/h3>\n<h3 style=\"text-align: center;\"><em><strong>A 30 mn de TYR , \u00e0 c\u00f4t\u00e9 de QANA<\/strong><\/em><\/h3>\n<p><img decoding=\"async\" loading=\"lazy\" class=\"alignnone wp-image-864\" src=\"http:\/\/missionssolidariteliban.com\/wp-content\/uploads\/2024\/10\/PHOTO-2024-10-12-16-40-09.jpg\" alt=\"\" width=\"665\" height=\"374\" srcset=\"https:\/\/missionssolidariteliban.com\/wp-content\/uploads\/2024\/10\/PHOTO-2024-10-12-16-40-09.jpg 1200w, https:\/\/missionssolidariteliban.com\/wp-content\/uploads\/2024\/10\/PHOTO-2024-10-12-16-40-09-300x169.jpg 300w, https:\/\/missionssolidariteliban.com\/wp-content\/uploads\/2024\/10\/PHOTO-2024-10-12-16-40-09-1024x576.jpg 1024w, https:\/\/missionssolidariteliban.com\/wp-content\/uploads\/2024\/10\/PHOTO-2024-10-12-16-40-09-768x432.jpg 768w\" sizes=\"(max-width: 665px) 85vw, 665px\" \/><\/p>\n<p><img decoding=\"async\" loading=\"lazy\" class=\"alignnone wp-image-865\" src=\"http:\/\/missionssolidariteliban.com\/wp-content\/uploads\/2024\/10\/PHOTO-2024-10-12-16-40-10.jpg\" alt=\"\" width=\"662\" height=\"460\" srcset=\"https:\/\/missionssolidariteliban.com\/wp-content\/uploads\/2024\/10\/PHOTO-2024-10-12-16-40-10.jpg 1079w, https:\/\/missionssolidariteliban.com\/wp-content\/uploads\/2024\/10\/PHOTO-2024-10-12-16-40-10-300x209.jpg 300w, https:\/\/missionssolidariteliban.com\/wp-content\/uploads\/2024\/10\/PHOTO-2024-10-12-16-40-10-1024x712.jpg 1024w, https:\/\/missionssolidariteliban.com\/wp-content\/uploads\/2024\/10\/PHOTO-2024-10-12-16-40-10-768x534.jpg 768w\" sizes=\"(max-width: 662px) 85vw, 662px\" \/><\/p>\n<p><img decoding=\"async\" loading=\"lazy\" class=\"alignnone wp-image-866\" src=\"http:\/\/missionssolidariteliban.com\/wp-content\/uploads\/2024\/10\/PHOTO-2024-10-12-16-50-01.jpg\" alt=\"\" width=\"662\" height=\"923\" srcset=\"https:\/\/missionssolidariteliban.com\/wp-content\/uploads\/2024\/10\/PHOTO-2024-10-12-16-50-01.jpg 1148w, https:\/\/missionssolidariteliban.com\/wp-content\/uploads\/2024\/10\/PHOTO-2024-10-12-16-50-01-215x300.jpg 215w, https:\/\/missionssolidariteliban.com\/wp-content\/uploads\/2024\/10\/PHOTO-2024-10-12-16-50-01-735x1024.jpg 735w, https:\/\/missionssolidariteliban.com\/wp-content\/uploads\/2024\/10\/PHOTO-2024-10-12-16-50-01-768x1070.jpg 768w, https:\/\/missionssolidariteliban.com\/wp-content\/uploads\/2024\/10\/PHOTO-2024-10-12-16-50-01-1102x1536.jpg 1102w\" sizes=\"(max-width: 662px) 85vw, 662px\" \/><img decoding=\"async\" loading=\"lazy\" class=\"alignnone wp-image-867\" src=\"http:\/\/missionssolidariteliban.com\/wp-content\/uploads\/2024\/10\/PHOTO-2024-10-12-16-53-04.jpg\" alt=\"\" width=\"538\" height=\"1165\" srcset=\"https:\/\/missionssolidariteliban.com\/wp-content\/uploads\/2024\/10\/PHOTO-2024-10-12-16-53-04.jpg 739w, https:\/\/missionssolidariteliban.com\/wp-content\/uploads\/2024\/10\/PHOTO-2024-10-12-16-53-04-139x300.jpg 139w, https:\/\/missionssolidariteliban.com\/wp-content\/uploads\/2024\/10\/PHOTO-2024-10-12-16-53-04-473x1024.jpg 473w, https:\/\/missionssolidariteliban.com\/wp-content\/uploads\/2024\/10\/PHOTO-2024-10-12-16-53-04-709x1536.jpg 709w\" sizes=\"(max-width: 538px) 85vw, 538px\" \/><\/p>\n<p><img decoding=\"async\" loading=\"lazy\" class=\"alignnone wp-image-868\" src=\"http:\/\/missionssolidariteliban.com\/wp-content\/uploads\/2024\/10\/PHOTO-2024-10-12-17-13-47.jpg\" alt=\"\" width=\"481\" height=\"701\" srcset=\"https:\/\/missionssolidariteliban.com\/wp-content\/uploads\/2024\/10\/PHOTO-2024-10-12-17-13-47.jpg 1098w, https:\/\/missionssolidariteliban.com\/wp-content\/uploads\/2024\/10\/PHOTO-2024-10-12-17-13-47-206x300.jpg 206w, https:\/\/missionssolidariteliban.com\/wp-content\/uploads\/2024\/10\/PHOTO-2024-10-12-17-13-47-703x1024.jpg 703w, https:\/\/missionssolidariteliban.com\/wp-content\/uploads\/2024\/10\/PHOTO-2024-10-12-17-13-47-768x1119.jpg 768w, https:\/\/missionssolidariteliban.com\/wp-content\/uploads\/2024\/10\/PHOTO-2024-10-12-17-13-47-1054x1536.jpg 1054w\" sizes=\"(max-width: 481px) 85vw, 481px\" \/><\/p>\n<h3><\/h3>\n<h3><\/h3>\n<h3 style=\"text-align: center;\"><span style=\"color: #ff0000;\"><span style=\"color: #339966;\">APPEL URGENT\u00a0 JUIN 2023<\/span><br \/>\n<\/span><\/h3>\n<h3><span style=\"color: #339966;\">au Liban:<\/span><\/h3>\n<p>Nous ouvrons de<span style=\"color: #0000ff;\"> nouveaux\u00a0 parrainages<\/span> au village de Hajje pour soutenir le P\u00e8re Kambar ; ses paroissiens ne peuvent plus se soigner et ont un grand besoin d\u2019aide \u2026 Nous recherchons des<span style=\"color: #0000ff;\"> jumelages d\u2019\u00e9coles<\/span> ; celles-ci sont en tr\u00e8s grandes difficult\u00e9s , les parents ne pouvant plus payer les scolarit\u00e9s<\/p>\n<h3><span style=\"color: #339966;\">En Syrie<\/span><\/h3>\n<p><span style=\"color: #0000ff;\">Dons d\u2019urgence<\/span> pour soutenir les Maristes bleus dans leur travail d\u2019aide \u00e0 la population : re-logement des sinistr\u00e9s<\/p>\n<p>Aidons les Chr\u00e9tiens \u00e0 rester sur leur terre !<\/p>\n<p>&nbsp;<\/p>\n<hr \/>\n<h4 style=\"text-align: center;\"><span style=\"color: #ff0000;\">Pour faire un DON<\/span><\/h4>\n<h4><span style=\"color: #000080;\"><em>Deux solutions :<\/em><\/span><\/h4>\n<h3 style=\"text-align: center;\"><span style=\"color: #000000;\">Faire un DON en LIGNE par CARTE\u00a0 (avec re\u00e7u fiscal):<\/span><\/h3>\n<p><iframe id=\"haWidget\" style=\"width: 100%; height: 70px; border: none;\" src=\"https:\/\/www.helloasso.com\/associations\/missions-solidarite-liban\/formulaires\/1\/widget-bouton\"><\/iframe><\/p>\n<h3 style=\"text-align: center;\"><span style=\"color: #000000;\">OU : Faire <strong>un ch\u00e8que \u00e0 l\u2019ordre de \u00ab\u00a0Missions Solidarit\u00e9 Liban\u00a0\u00bb<\/strong><\/span><\/h3>\n<h5 style=\"text-align: left;\"><span style=\"color: #000080;\"><strong><em>et l\u2019envoyer \u00e0 : <\/em><\/strong><\/span><\/h5>\n<h4 style=\"text-align: left;\"><strong><em>Caroline\u00a0 de Raimond\u00a0 (Pr\u00e9sidente de MSL)<br \/>\n<\/em><\/strong><\/h4>\n<h4 style=\"text-align: left;\"><em>1 square Boileau 78150 Le Chesnay<\/em><\/h4>\n<h4 style=\"text-align: center;\"><span style=\"color: #3366ff;\"><strong>Un re\u00e7u fiscal vous sera adress\u00e9.<\/strong><\/span><\/h4>\n<h4 style=\"text-align: center;\"><span style=\"color: #3366ff;\"><em><strong>Votre aide parviendra int\u00e9gralement \u00e0 leurs destinataires !<\/strong><\/em><\/span><\/h4>\n<h3 style=\"text-align: center;\"><span style=\"color: #339966;\"><em><strong>Un grand merci pour votre g\u00e9n\u00e9rosit\u00e9 !<br \/>\n<\/strong><\/em><\/span><\/h3>\n<hr \/>\n<h3><\/h3>\n<h3 style=\"text-align: center;\"><strong><span style=\"color: #0000ff;\">Concernant des dons pr\u00e9c\u00e9dents<\/span><\/strong><\/h3>\n<h3><strong><span style=\"color: #0000ff;\">REMERCIEMENTS des soeurs du CARMEL d&rsquo;ALEP<\/span><\/strong><\/h3>\n<p><span style=\"color: #0000ff;\">Vraiment ce fut une magnifique surprise que nous n&rsquo;attendions pas ! au nom de tous ceux et celles que nous allons pouvoir soulager avec cela ,je vous exprime notre gratitude : actuellement notre priorit\u00e9 est de permettre \u00e0 tous ceux qui s&rsquo;\u00e9taient r\u00e9fugi\u00e9s chez nous de pouvoir retourner dans leur appartement : nous r\u00e9glons pour eux les frais des r\u00e9parations in\u00e9vitables qu&rsquo;ils doivent faire : tuyaux cass\u00e9s , murs fendus , plafond d\u00e9cr\u00e9pi &#8230; ils ont h\u00e2te maintenant ! Si je pouvais vous envoyer leur sourire vous seriez \u00e9mue !!<\/span><\/p>\n<p><span style=\"color: #0000ff;\">Que le Seigneur b\u00e9nisse tous ceux qui ont donn\u00e9, car Dieu ne peut pas se laisser vaincre en mis\u00e9ricorde !<\/span><\/p>\n<p><span style=\"color: #0000ff;\">Nous vous gardons dans notre pri\u00e8re et notre coeur\u00a0<\/span><\/p>\n<p><span style=\"color: #0000ff;\">Bonne mont\u00e9e vers P\u00e2ques\u00a0<\/span><\/p>\n<p><span style=\"color: #0000ff;\">Sr Anne , Prieure<\/span><\/p>\n<div class=\"vc_row wpb_row vc_row-fluid\">\n<div class=\"wpb_column vc_column_container vc_col-sm-9\">\n<div class=\"vc_column-inner\">\n<div class=\"wpb_wrapper\">\n<div class=\"swm_text_block\">\n<p><span style=\"color: #ff0000;\"><span style=\"color: #000000;\"><strong>MSL qui soutient \u00e9galement la Syrie depuis 2011, <\/strong><\/span><strong><span style=\"color: #000000;\">relaie le<\/span> <\/strong><\/span><\/p>\n<h3><strong><span style=\"color: #ff0000;\">SOS des Fr\u00e8res Maristes et du Carmel d\u2019Alep<\/span> <\/strong><\/h3>\n<p>Dans cette <strong>ville durement touch\u00e9e par le s\u00e9isme<\/strong> intervenu dans la nuit du lundi 6 f\u00e9vrier :<\/p>\n<p>Les Fr\u00e8res Maristes viennent d\u2019accueillir dans leur \u00e9cole <strong>800 r\u00e9fugi\u00e9s<\/strong> dont les immeubles se sont effondr\u00e9s en partie ou totalement. Avec la pluie et le froid , ils ne peuvent retourner chez eux.<\/p>\n<p>Le Carmel accueille <strong>10 familles<\/strong> dans leur hall pour les m\u00eames raisons.<\/p>\n<\/div>\n<\/div>\n<\/div>\n<\/div>\n<\/div>\n<div class=\"vc_row wpb_row vc_row-fluid\">\n<div class=\"wpb_column vc_column_container vc_col-sm-12 vc_col-has-fill\">\n<div class=\"vc_column-inner vc_custom_1631977797317\">\n<div class=\"wpb_wrapper\">\n<div class=\"clear\"><\/div>\n<hr class=\"swm_gap\" \/>\n<div class=\"swm_text_block\">\n<p>&nbsp;<\/p>\n<\/div>\n<\/div>\n<\/div>\n<\/div>\n<\/div>\n<h4 style=\"text-align: center;\"><span style=\"color: #339966;\">SOUTENEZ\u00a0 L&rsquo;ACTION\u00a0 de\u00a0 \u00ab\u00a0MISSIONS SOLIDARITE LIBAN\u00a0\u00bb<strong><br \/>\n<\/strong><\/span><\/h4>\n<ul>\n<li>En parrainant une famille pendant un an : 300 \u20ac \u00e0 raison de 75 \u20ac par trimestre<\/li>\n<li>En envoyant :Un don pour les familles chr\u00e9tiennes au Liban en grande pr\u00e9carit\u00e9 soutenues par St Vincent<\/li>\n<li>En envoyant :Un don pour les familles syriennes en d\u00e9tresse \u00e0 Alep<\/li>\n<li>En envoyant un don pour les actions d&rsquo;urgence<\/li>\n<\/ul>\n<p>Nom&#8230;&#8230;&#8230;&#8230;&#8230;&#8230;&#8230;&#8230;&#8230;&#8230;&#8230;&#8230;&#8230;&#8230;&#8230;&#8230;&#8230;&#8230;&#8230;&#8230;&#8230;&#8230;&#8230;Pr\u00e9nom&#8230;&#8230;&#8230;&#8230;&#8230;&#8230;&#8230;&#8230;&#8230;&#8230;&#8230;&#8230;&#8230;&#8230;&#8230;&#8230;<\/p>\n<p>Adresse&#8230;&#8230;&#8230;&#8230;&#8230;&#8230;&#8230;&#8230;&#8230;&#8230;&#8230;&#8230;&#8230;&#8230;&#8230;&#8230;&#8230;&#8230;&#8230;&#8230;&#8230;&#8230;&#8230;&#8230;&#8230;&#8230;&#8230;&#8230;&#8230;&#8230;&#8230;&#8230;&#8230;&#8230;&#8230;&#8230;&#8230;&#8230;&#8230;&#8230;&#8230;..<\/p>\n<p><strong><span style=\"color: #3366ff;\"><span style=\"color: #000000;\">Ch\u00e8que \u00e0 l&rsquo;ordre de :<\/span> Missions Solidarit\u00e9 Liban <\/span><\/strong><\/p>\n<p><strong><span style=\"color: #3366ff;\"><span style=\"color: #000000;\">A envoyer \u00e0 :<\/span> MSL &#8211; Caroline de Raimond<\/span><\/strong><\/p>\n<p><strong><span style=\"color: #3366ff;\">\u00a0\u00a0\u00a0\u00a0\u00a0\u00a0\u00a0\u00a0\u00a0\u00a0\u00a0\u00a0\u00a0\u00a0\u00a0\u00a0\u00a0\u00a0\u00a0\u00a0\u00a0\u00a0\u00a0\u00a0\u00a0\u00a0\u00a0 1 square Boileau<\/span><\/strong><\/p>\n<p><strong><span style=\"color: #3366ff;\">\u00a0\u00a0\u00a0\u00a0\u00a0\u00a0\u00a0\u00a0\u00a0\u00a0\u00a0\u00a0\u00a0\u00a0\u00a0\u00a0\u00a0\u00a0\u00a0\u00a0\u00a0\u00a0\u00a0\u00a0\u00a0\u00a0 78150 Le Chesnay Rocquencourt<\/span><\/strong><\/p>\n<p style=\"text-align: center;\"><strong>Le don est int\u00e9gralement vers\u00e9<\/strong><\/p>\n<h4 style=\"text-align: center;\"><span style=\"color: #ff0000;\"><strong>UN RECU FISCAL vous sera envoy\u00e9<\/strong><\/span><\/h4>\n","protected":false},"excerpt":{"rendered":"<p>APPEL URGENT MARS 2026 AIDE URGENTE pour les chr\u00e9tiens d\u00e9plac\u00e9s du Sud Liban Voir le document de l&rsquo;ILDES et la lettre du p\u00e8re Kambar ci-dessous Ildes 2.aide pour les de\u0301place\u0301s du Liban Sud 2026 Lettre du P Kambar Catastrophe humanitaire au Sud-Liban. La Situation est dramatique. Forc\u00e9es de fuir les bombardements, des milliers de personnes &hellip; <a href=\"https:\/\/missionssolidariteliban.com\/index.php\/nous-aider\/\" class=\"more-link\">Continuer la lecture<span class=\"screen-reader-text\"> de &laquo;&nbsp;DONS&nbsp;&raquo;<\/span><\/a><\/p>\n","protected":false},"author":1,"featured_media":0,"parent":0,"menu_order":0,"comment_status":"closed","ping_status":"closed","template":"","meta":[],"_links":{"self":[{"href":"https:\/\/missionssolidariteliban.com\/index.php\/wp-json\/wp\/v2\/pages\/13"}],"collection":[{"href":"https:\/\/missionssolidariteliban.com\/index.php\/wp-json\/wp\/v2\/pages"}],"about":[{"href":"https:\/\/missionssolidariteliban.com\/index.php\/wp-json\/wp\/v2\/types\/page"}],"author":[{"embeddable":true,"href":"https:\/\/missionssolidariteliban.com\/index.php\/wp-json\/wp\/v2\/users\/1"}],"replies":[{"embeddable":true,"href":"https:\/\/missionssolidariteliban.com\/index.php\/wp-json\/wp\/v2\/comments?post=13"}],"version-history":[{"count":37,"href":"https:\/\/missionssolidariteliban.com\/index.php\/wp-json\/wp\/v2\/pages\/13\/revisions"}],"predecessor-version":[{"id":925,"href":"https:\/\/missionssolidariteliban.com\/index.php\/wp-json\/wp\/v2\/pages\/13\/revisions\/925"}],"wp:attachment":[{"href":"https:\/\/missionssolidariteliban.com\/index.php\/wp-json\/wp\/v2\/media?parent=13"}],"curies":[{"name":"wp","href":"https:\/\/api.w.org\/{rel}","templated":true}]}}